{"id":4305,"date":"2025-10-07T09:26:06","date_gmt":"2025-10-07T08:26:06","guid":{"rendered":"https:\/\/starportugal.pt\/services\/traducao-generalista\/"},"modified":"2025-10-22T10:11:50","modified_gmt":"2025-10-22T09:11:50","slug":"traducao-generalista","status":"publish","type":"page","link":"https:\/\/starportugal.pt\/fr\/services\/traducao-generalista\/","title":{"rendered":"Traduction g\u00e9n\u00e9rale"},"content":{"rendered":"<\/div><\/div><\/div><!-- close content main div --><\/div><\/div><div id='av_section_1' class='avia-section main_color avia-section-default avia-no-shadow avia-bg-style-scroll   container_wrap sidebar_right'   ><div class='container' ><div class='template-page content  av-content-small alpha units'><div class='post-entry post-entry-type-page post-entry-4305'><div class='entry-content-wrapper clearfix'>\n<div class=\"flex_column av_one_fourth  flex_column_div av-zero-column-padding first  \" style='border-radius:0px; '><div class='avia-builder-widget-area clearfix '><div id=\"block-2\" class=\"widget clearfix widget_block\"><p><!-- 0d2bdac2931bda86cec3d8b0a16eb604 --><\/p>\n<\/div><div id=\"custom_html-2\" class=\"widget_text widget clearfix widget_custom_html\"><div class=\"textwidget custom-html-widget\"><!-- 684d18d306c5e515051f86a852796373 --><\/div><\/div><div id=\"nav_menu-2\" class=\"widget clearfix widget_nav_menu\"><div class=\"menu-menu-servicos-frances-container\"><ul id=\"menu-menu-servicos-frances\" class=\"menu\"><li id=\"menu-item-2723\" class=\"menu-item menu-item-type-post_type menu-item-object-page menu-item-2723\"><a href=\"https:\/\/starportugal.pt\/fr\/services\/traduction-technique\/\">Traduction technique<\/a><\/li>\n<li id=\"menu-item-2722\" class=\"menu-item menu-item-type-post_type menu-item-object-page menu-item-2722\"><a href=\"https:\/\/starportugal.pt\/fr\/services\/traduction-financiere\/\">Traduction financi\u00e8re<\/a><\/li>\n<li id=\"menu-item-4323\" class=\"menu-item menu-item-type-post_type menu-item-object-page menu-item-4323\"><a href=\"https:\/\/starportugal.pt\/fr\/services\/traducao-generalista\/\">Traduction g\u00e9n\u00e9rale<\/a><\/li>\n<li id=\"menu-item-2724\" class=\"menu-item menu-item-type-post_type menu-item-object-page menu-item-2724\"><a href=\"https:\/\/starportugal.pt\/fr\/services\/traduction-assermentee\/\">Traduction asserment\u00e9e<\/a><\/li>\n<li id=\"menu-item-2720\" class=\"menu-item menu-item-type-post_type menu-item-object-page menu-item-2720\"><a href=\"https:\/\/starportugal.pt\/fr\/services\/relecture-revision-de-texte\/\">R\u00e9vision de texte<\/a><\/li>\n<li id=\"menu-item-4322\" class=\"menu-item menu-item-type-post_type menu-item-object-page menu-item-4322\"><a href=\"https:\/\/starportugal.pt\/fr\/services\/lqa-language-quality-assurance\/\">AQL \u2013 Assurance Qualit\u00e9 Linguistique<\/a><\/li>\n<li id=\"menu-item-4324\" class=\"menu-item menu-item-type-post_type menu-item-object-page menu-item-4324\"><a href=\"https:\/\/starportugal.pt\/fr\/services\/sous-titrage\/\">Sous-titrage<\/a><\/li>\n<\/ul><\/div><\/div><\/div><\/div><div class=\"flex_column av_three_fourth  flex_column_div av-zero-column-padding   \" style='border-radius:0px; '><p><div class='avia-image-container  av-styling-no-styling    avia-align- '  itemscope=\"itemscope\" itemtype=\"https:\/\/schema.org\/ImageObject\"  ><div class='avia-image-container-inner'><img class='avia_image ' src='https:\/\/starportugal.pt\/wp-content\/uploads\/2025\/10\/word-cloud-8337511_1280.jpg' alt='' title='word-cloud-8337511_1280'   itemprop=\"thumbnailUrl\"  \/><\/div><\/div><br \/>\n<div style='padding-bottom:10px;' class='av-special-heading av-special-heading-h2  blockquote modern-quote   '><h2 class='av-special-heading-tag '  itemprop=\"headline\"  >Traduction g\u00e9n\u00e9rale<\/h2><div class='special-heading-border'><div class='special-heading-inner-border' ><\/div><\/div><\/div><br \/>\n<section class=\"av_textblock_section \"  itemscope=\"itemscope\" itemtype=\"https:\/\/schema.org\/CreativeWork\" ><div class='avia_textblock  '   itemprop=\"text\" ><p><b>STAR &#8211; <\/b><b>Servi\u00e7os<\/b> <b>Lingu\u00edsticos<\/b> propose un service de traduction g\u00e9n\u00e9rale con\u00e7u pour r\u00e9pondre aux besoins de communication quotidiens des entreprises, des institutions et des particuliers. Ce service couvre un large \u00e9ventail de contenus non techniques qui n\u00e9cessitent pr\u00e9cision, fluidit\u00e9 et adaptation au public cible, sans recourir \u00e0 une terminologie tr\u00e8s sp\u00e9cialis\u00e9e.<\/p>\n<p>Nous travaillons avec des traducteurs natifs exp\u00e9riment\u00e9s qui veillent \u00e0 ce que chaque message soit clair, naturel et avec le ton juste, qu&rsquo;il soit destin\u00e9 \u00e0 un usage interne, \u00e0 la communication avec les clients ou \u00e0 la publication sur des canaux num\u00e9riques.<\/p>\n<p>M\u00eame pour les documents consid\u00e9r\u00e9s comme simples, nous appliquons un processus rigoureux de contr\u00f4le qualit\u00e9. Toutes les traductions sont revues par un deuxi\u00e8me professionnel et v\u00e9rifi\u00e9es sur le plan de l&rsquo;orthographe, de la coh\u00e9rence, de la mise en forme et du style, ce qui garantit un r\u00e9sultat final correspondant au niveau d&rsquo;excellence qui nous caract\u00e9rise.<\/p>\n<p>Nous combinons l&rsquo;expertise humaine avec l&rsquo;utilisation d&rsquo;outils d&rsquo;aide \u00e0 la traduction (outils TAO), de glossaires personnalis\u00e9s et de m\u00e9moires de traduction, afin d&rsquo;optimiser la coh\u00e9rence et de r\u00e9duire les d\u00e9lais de livraison &#8211; ce qui est particuli\u00e8rement utile pour les projets \u00e0 fort volume ou les livraisons r\u00e9currentes.<\/p>\n<p>Avec <b>STAR &#8211; <\/b><b>Servi\u00e7os<\/b> <b>Lingu\u00edsticos<\/b>, vous trouverez un partenaire linguistique fiable, pr\u00eat \u00e0 garantir que votre communication g\u00e9n\u00e9rale &#8211; qu&rsquo;elle soit institutionnelle, commerciale ou personnelle &#8211; parle la langue de votre public, avec clart\u00e9 et professionnalisme.<\/p>\n<\/div><\/section><br \/>\n<div style='height:20px' class='hr hr-invisible  '><span class='hr-inner ' ><span class='hr-inner-style'><\/span><\/span><\/div><br \/>\n<div class='avia-button-wrap avia-button-left '><a href='https:\/\/starportugal.pt\/fr\/demande-de-devis\/' class='avia-button   avia-icon_select-no avia-color-theme-color avia-size-large avia-position-left '   ><span class='avia_iconbox_title' >Demande de devis<\/span><\/a><\/div><\/p><\/div><\/div><\/div><\/div><!-- close content main div --><\/div><\/div><div id='after_section_1' class='main_color av_default_container_wrap container_wrap sidebar_right'   ><div class='container' ><div class='template-page content  av-content-small alpha units'><div class='post-entry post-entry-type-page post-entry-4305'><div class='entry-content-wrapper clearfix'>\n","protected":false},"excerpt":{"rendered":"","protected":false},"author":1,"featured_media":0,"parent":2261,"menu_order":76,"comment_status":"closed","ping_status":"closed","template":"","meta":{"footnotes":""},"class_list":["post-4305","page","type-page","status-publish","hentry"],"_links":{"self":[{"href":"https:\/\/starportugal.pt\/fr\/wp-json\/wp\/v2\/pages\/4305","targetHints":{"allow":["GET"]}}],"collection":[{"href":"https:\/\/starportugal.pt\/fr\/wp-json\/wp\/v2\/pages"}],"about":[{"href":"https:\/\/starportugal.pt\/fr\/wp-json\/wp\/v2\/types\/page"}],"author":[{"embeddable":true,"href":"https:\/\/starportugal.pt\/fr\/wp-json\/wp\/v2\/users\/1"}],"replies":[{"embeddable":true,"href":"https:\/\/starportugal.pt\/fr\/wp-json\/wp\/v2\/comments?post=4305"}],"version-history":[{"count":3,"href":"https:\/\/starportugal.pt\/fr\/wp-json\/wp\/v2\/pages\/4305\/revisions"}],"predecessor-version":[{"id":4307,"href":"https:\/\/starportugal.pt\/fr\/wp-json\/wp\/v2\/pages\/4305\/revisions\/4307"}],"up":[{"embeddable":true,"href":"https:\/\/starportugal.pt\/fr\/wp-json\/wp\/v2\/pages\/2261"}],"wp:attachment":[{"href":"https:\/\/starportugal.pt\/fr\/wp-json\/wp\/v2\/media?parent=4305"}],"curies":[{"name":"wp","href":"https:\/\/api.w.org\/{rel}","templated":true}]}}