{"id":3767,"date":"2025-05-07T09:49:02","date_gmt":"2025-05-07T08:49:02","guid":{"rendered":"https:\/\/starportugal.pt\/politica-de-cookies\/"},"modified":"2025-06-05T00:50:36","modified_gmt":"2025-06-04T23:50:36","slug":"politica-de-cookies","status":"publish","type":"page","link":"https:\/\/starportugal.pt\/fr\/politica-de-cookies\/","title":{"rendered":"Politique relative aux cookies"},"content":{"rendered":"<section class=\"av_textblock_section \"  itemscope=\"itemscope\" itemtype=\"https:\/\/schema.org\/CreativeWork\" ><div class='avia_textblock  av_inherit_color '   itemprop=\"text\" ><p>Cette Politique relative aux cookies a \u00e9t\u00e9 mise \u00e0 jour en juin 2025 et s&rsquo;applique au site web <a href=\"https:\/\/starportugal.pt\/fr\/\">www.starportugal.pt<\/a>, ci-apr\u00e8s d\u00e9nomm\u00e9 \u00ab\u00a0le site web\u00a0\u00bb, qui utilise des cookies et autres technologies connexes (par simplification, toutes ces technologies sont d\u00e9sign\u00e9es par le terme \u00ab\u00a0cookies\u00a0\u00bb) ins\u00e9r\u00e9s par des tiers que nous avons contact\u00e9s.<\/p>\n<p>Nous vous informons ci-dessous de l&rsquo;utilisation des cookies sur notre site web.<\/p>\n<p><strong>Informations sur les concepts abord\u00e9s dans la Politique relative aux cookies<\/strong><\/p>\n<p>Cookies\u00a0: il s&rsquo;agit de petits fichiers simples envoy\u00e9s avec les pages de ce site web et stock\u00e9s par votre navigateur sur le disque dur de votre ordinateur ou autre appareil. Les informations stock\u00e9es peuvent \u00eatre renvoy\u00e9es \u00e0 nos serveurs ou \u00e0 ceux des tiers concern\u00e9s lors d&rsquo;une visite ult\u00e9rieure.<\/p>\n<p>Scripts\u00a0: il s&rsquo;agit d&rsquo;un fragment de code utilis\u00e9 pour assurer le bon fonctionnement et l&rsquo;interactivit\u00e9 de notre site web. Ce code est ex\u00e9cut\u00e9 sur notre serveur ou sur votre appareil.<\/p>\n<p>Balise web (pixel espion)\u00a0: un petit texte ou une image invisible sur un site web, utilis\u00e9 pour surveiller le trafic. Pour ce faire, diverses donn\u00e9es vous concernant sont stock\u00e9es \u00e0 l&rsquo;aide de balises web.<\/p>\n<p><strong>Types de cookies<\/strong><\/p>\n<p>Cookies n\u00e9cessaires (techniques ou fonctionnels)\u00a0: Ils assurent le bon fonctionnement de certaines parties du site web et la prise en compte de vos pr\u00e9f\u00e9rences utilisateur. En pla\u00e7ant des cookies fonctionnels, nous facilitons votre visite sur notre site web. Ainsi, vous n&rsquo;avez pas besoin de saisir les m\u00eames informations \u00e0 plusieurs reprises. Nous pouvons placer ces cookies sans votre consentement.<\/p>\n<p>Cookies d&rsquo;analyse\u00a0: Ils servent \u00e0 optimiser l&rsquo;exp\u00e9rience utilisateur en collectant des informations sur votre utilisation du site web. Nous vous demandons votre autorisation pour placer ce type de cookies.<\/p>\n<p>Cookies de pr\u00e9f\u00e9rences et de marketing\u00a0: Il s&rsquo;agit de cookies ou de toute autre forme de stockage local, utilis\u00e9s pour cr\u00e9er des profils d&rsquo;utilisateurs afin d&rsquo;afficher des publicit\u00e9s ou de suivre l&rsquo;utilisateur sur ce site web ou sur plusieurs sites web \u00e0 des fins marketing similaires. Nous vous demandons votre autorisation pour placer ce type de cookies.<\/p>\n<p><strong>R\u00e9seaux sociaux<\/strong><\/p>\n<p>Nous pouvons inclure du contenu provenant de Facebook, Instagram et\/ou WhatsApp sur le site web afin de promouvoir des pages web (par exemple, \u00ab\u00a0aimer\u00a0\u00bb, \u00ab\u00a0\u00e9pingler\u00a0\u00bb) ou de partager (par exemple, \u00ab\u00a0tweeter\u00a0\u00bb) sur les r\u00e9seaux sociaux tels que Facebook, Instagram et WhatsApp. Ce contenu est int\u00e9gr\u00e9 \u00e0 du code d\u00e9riv\u00e9 de Facebook, Instagram et WhatsApp et place des cookies. Ce contenu est susceptible de stocker et de traiter certaines informations \u00e0 des fins de publicit\u00e9 personnalis\u00e9e.<\/p>\n<p>Veuillez consulter la d\u00e9claration de confidentialit\u00e9 de ces r\u00e9seaux sociaux (qui peut \u00eatre modifi\u00e9e r\u00e9guli\u00e8rement) pour savoir ce qu&rsquo;ils font de vos donn\u00e9es (personnelles) trait\u00e9es \u00e0 l&rsquo;aide de ces cookies. Les donn\u00e9es r\u00e9cup\u00e9r\u00e9es sont anonymis\u00e9es autant que possible. Facebook, Instagram et WhatsApp sont situ\u00e9s aux \u00c9tats-Unis.<\/p>\n<p><strong>Consentement<\/strong><\/p>\n<p>Lorsque vous visitez notre site web pour la premi\u00e8re fois, une fen\u00eatre s&rsquo;affiche pour vous permettre de consentir au type de cookies que nous utilisons. En cliquant sur \u00ab\u00a0Enregistrer les pr\u00e9f\u00e9rences\u00a0\u00bb, vous consentez \u00e0 ce que nous utilisions les cat\u00e9gories de cookies et de plugins s\u00e9lectionn\u00e9s dans la fen\u00eatre, comme d\u00e9crit dans la pr\u00e9sente Politique relative aux cookies. Vous pouvez d\u00e9sactiver l&rsquo;utilisation des cookies via votre navigateur, mais veuillez noter que notre site web pourrait ne pas fonctionner correctement.<\/p>\n<p><strong>Politique de confidentialit\u00e9 et protection de vos donn\u00e9es personnelles<\/strong><br \/>\nConsultez notre politique de confidentialit\u00e9 sur notre site web.<\/p>\n<p><strong>Coordonn\u00e9es<\/strong><\/p>\n<p>Pour toute question ou commentaire concernant notre politique en mati\u00e8re de cookies et la pr\u00e9sente d\u00e9claration, veuillez nous contacter aux coordonn\u00e9es suivantes\u00a0:<\/p>\n<p>Raison sociale\u00a0: Star \u2013 Servi\u00e7os Lingu\u00edsticos, Lda<\/p>\n<p>Num\u00e9ro fiscal\u00a0: 507526902<\/p>\n<p>Adresse\u00a0: Rua Andr\u00e9 de Gouveia, N\u00ba 27, 1\u00ba Esq\u00ba<\/p>\n<p>CEP\u00a0: 1750-027 Lisbonne<\/p>\n<p>Courriel: info@starportugal.pt<\/p>\n<\/div><\/section>\n","protected":false},"excerpt":{"rendered":"","protected":false},"author":1,"featured_media":0,"parent":0,"menu_order":23,"comment_status":"closed","ping_status":"closed","template":"","meta":{"footnotes":""},"class_list":["post-3767","page","type-page","status-publish","hentry"],"_links":{"self":[{"href":"https:\/\/starportugal.pt\/fr\/wp-json\/wp\/v2\/pages\/3767","targetHints":{"allow":["GET"]}}],"collection":[{"href":"https:\/\/starportugal.pt\/fr\/wp-json\/wp\/v2\/pages"}],"about":[{"href":"https:\/\/starportugal.pt\/fr\/wp-json\/wp\/v2\/types\/page"}],"author":[{"embeddable":true,"href":"https:\/\/starportugal.pt\/fr\/wp-json\/wp\/v2\/users\/1"}],"replies":[{"embeddable":true,"href":"https:\/\/starportugal.pt\/fr\/wp-json\/wp\/v2\/comments?post=3767"}],"version-history":[{"count":3,"href":"https:\/\/starportugal.pt\/fr\/wp-json\/wp\/v2\/pages\/3767\/revisions"}],"predecessor-version":[{"id":3774,"href":"https:\/\/starportugal.pt\/fr\/wp-json\/wp\/v2\/pages\/3767\/revisions\/3774"}],"wp:attachment":[{"href":"https:\/\/starportugal.pt\/fr\/wp-json\/wp\/v2\/media?parent=3767"}],"curies":[{"name":"wp","href":"https:\/\/api.w.org\/{rel}","templated":true}]}}