{"id":2547,"date":"2018-02-01T11:39:58","date_gmt":"2018-02-01T11:39:58","guid":{"rendered":"https:\/\/starportugal.pt\/faq\/"},"modified":"2025-11-07T10:47:46","modified_gmt":"2025-11-07T10:47:46","slug":"faq","status":"publish","type":"page","link":"https:\/\/starportugal.pt\/fr\/faq\/","title":{"rendered":"FAQ"},"content":{"rendered":"<\/div><\/div><\/div><!-- close content main div --><\/div><\/div><div id='av_section_1' class='avia-section main_color avia-section-default avia-no-shadow avia-bg-style-scroll   container_wrap sidebar_right'   ><div class='container' ><div class='template-page content  av-content-small alpha units'><div class='post-entry post-entry-type-page post-entry-2547'><div class='entry-content-wrapper clearfix'>\n<div class=\"flex_column av_one_half  flex_column_div av-zero-column-padding first  \" style='border-radius:0px; '><p><div class=\"togglecontainer   toggle_close_all \" >\n<section class=\"av_toggle_section\"  itemscope=\"itemscope\" itemtype=\"https:\/\/schema.org\/CreativeWork\"  >    <div class=\"single_toggle\" data-tags=\"{Tout} \"  >        <p data-fake-id=\"#toggle-id-1\" class=\"toggler \"  itemprop=\"headline\"  >Qu\u2019est-ce que STAR-Servi\u00e7os Lingu\u00edsticos, Lda. ?<span class=\"toggle_icon\" >        <span class=\"vert_icon\"><\/span><span class=\"hor_icon\"><\/span><\/span><\/p>        <div id=\"toggle-id-1-container\" class=\"toggle_wrap \"  >            <div class=\"toggle_content invers-color \"  itemprop=\"text\"   ><p>Il s&rsquo;agit d&rsquo;une soci\u00e9t\u00e9 de traduction, sp\u00e9cialement d\u00e9di\u00e9e aux traductions techniques.<\/p>\n            <\/div>        <\/div>    <\/div><\/section>\n<section class=\"av_toggle_section\"  itemscope=\"itemscope\" itemtype=\"https:\/\/schema.org\/CreativeWork\"  >    <div class=\"single_toggle\" data-tags=\"{Tout} \"  >        <p data-fake-id=\"#toggle-id-2\" class=\"toggler \"  itemprop=\"headline\"  >Quels sont les services propos\u00e9s ?<span class=\"toggle_icon\" >        <span class=\"vert_icon\"><\/span><span class=\"hor_icon\"><\/span><\/span><\/p>        <div id=\"toggle-id-2-container\" class=\"toggle_wrap \"  >            <div class=\"toggle_content invers-color \"  itemprop=\"text\"   ><p>STAR propose des services de traduction, de r\u00e9vision, de AQL et de sous-titrage.<\/p>\n<p>Les principaux domaines de travail sont les suivants : ing\u00e9nierie m\u00e9canique, finance, informatique, \u00e9lectronique grand public, produits de luxe (y compris l&rsquo;horlogerie), machines agricoles et de construction, marketing, documentation commerciale, etc.<\/p>\n            <\/div>        <\/div>    <\/div><\/section>\n<section class=\"av_toggle_section\"  itemscope=\"itemscope\" itemtype=\"https:\/\/schema.org\/CreativeWork\"  >    <div class=\"single_toggle\" data-tags=\"{Tout} \"  >        <p data-fake-id=\"#toggle-id-3\" class=\"toggler \"  itemprop=\"headline\"  >Quelles paires de langues traduisons-nous ?<span class=\"toggle_icon\" >        <span class=\"vert_icon\"><\/span><span class=\"hor_icon\"><\/span><\/span><\/p>        <div id=\"toggle-id-3-container\" class=\"toggle_wrap \"  >            <div class=\"toggle_content invers-color \"  itemprop=\"text\"   ><p>En interne, nous traduisons depuis et vers les langues suivantes : allemand, espagnol, fran\u00e7ais, anglais, italien et portugais (europ\u00e9en et br\u00e9silien). En tant que membre du Groupe STAR, nous sommes en mesure de vous offrir un service de traduction de haute qualit\u00e9 dans plus de 180 combinaisons linguistiques.<\/p>\n            <\/div>        <\/div>    <\/div><\/section>\n<section class=\"av_toggle_section\"  itemscope=\"itemscope\" itemtype=\"https:\/\/schema.org\/CreativeWork\"  >    <div class=\"single_toggle\" data-tags=\"{Tout} \"  >        <p data-fake-id=\"#toggle-id-4\" class=\"toggler \"  itemprop=\"headline\"  >Comment dois-je proc\u00e9der lorsque j\u2018ai besoin d\u2019une traduction ?<span class=\"toggle_icon\" >        <span class=\"vert_icon\"><\/span><span class=\"hor_icon\"><\/span><\/span><\/p>        <div id=\"toggle-id-4-container\" class=\"toggle_wrap \"  >            <div class=\"toggle_content invers-color \"  itemprop=\"text\"   ><p>Veuillez nous envoyer le fichier par courriel (\u00e0 <a href=\"mailto:info@starportugal.pt\">info@starportugal.pt<\/a>) ou utilisez le formulaire de <a href=\"https:\/\/starportugal.pt\/fr\/demande-de-devis\/\">Demande de devis<\/a>.<\/p>\n            <\/div>        <\/div>    <\/div><\/section>\n<section class=\"av_toggle_section\"  itemscope=\"itemscope\" itemtype=\"https:\/\/schema.org\/CreativeWork\"  >    <div class=\"single_toggle\" data-tags=\"{Tout} \"  >        <p data-fake-id=\"#toggle-id-5\" class=\"toggler \"  itemprop=\"headline\"  >Combien de temps prend un devis ?<span class=\"toggle_icon\" >        <span class=\"vert_icon\"><\/span><span class=\"hor_icon\"><\/span><\/span><\/p>        <div id=\"toggle-id-5-container\" class=\"toggle_wrap \"  >            <div class=\"toggle_content invers-color \"  itemprop=\"text\"   ><p>Le d\u00e9lai de livraison du devis d\u00e9pend du format dans lequel nous recevons le document num\u00e9ris\u00e9. Nous estimons que le d\u00e9lai normal est de 3 \u00e0 5 heures.<\/p>\n            <\/div>        <\/div>    <\/div><\/section>\n<section class=\"av_toggle_section\"  itemscope=\"itemscope\" itemtype=\"https:\/\/schema.org\/CreativeWork\"  >    <div class=\"single_toggle\" data-tags=\"{Tout} \"  >        <p data-fake-id=\"#toggle-id-6\" class=\"toggler \"  itemprop=\"headline\"  >Le devis est-il gratuit ?<span class=\"toggle_icon\" >        <span class=\"vert_icon\"><\/span><span class=\"hor_icon\"><\/span><\/span><\/p>        <div id=\"toggle-id-6-container\" class=\"toggle_wrap \"  >            <div class=\"toggle_content invers-color \"  itemprop=\"text\"   ><p>Le devis est gratuit pour les fichiers re\u00e7us dans un format modifiable.<\/p>\n<p>S&rsquo;il s&rsquo;agit de la traduction d&rsquo;un site web, comment proc\u00e9der ?<\/p>\n<p>Envoyez-nous le lien et si possible le contenu que vous souhaitez traduire au format Word. Vous pouvez faire cette demande aupr\u00e8s du webmaster de votre site.<\/p>\n            <\/div>        <\/div>    <\/div><\/section>\n<section class=\"av_toggle_section\"  itemscope=\"itemscope\" itemtype=\"https:\/\/schema.org\/CreativeWork\"  >    <div class=\"single_toggle\" data-tags=\"{Tout} \"  >        <p data-fake-id=\"#toggle-id-7\" class=\"toggler \"  itemprop=\"headline\"  >Quels sont les moyens de paiement ?<span class=\"toggle_icon\" >        <span class=\"vert_icon\"><\/span><span class=\"hor_icon\"><\/span><\/span><\/p>        <div id=\"toggle-id-7-container\" class=\"toggle_wrap \"  >            <div class=\"toggle_content invers-color \"  itemprop=\"text\"   ><p>Le paiement doit \u00eatre effectu\u00e9 par virement bancaire.<\/p>\n            <\/div>        <\/div>    <\/div><\/section>\n<section class=\"av_toggle_section\"  itemscope=\"itemscope\" itemtype=\"https:\/\/schema.org\/CreativeWork\"  >    <div class=\"single_toggle\" data-tags=\"{Tout} \"  >        <p data-fake-id=\"#toggle-id-8\" class=\"toggler \"  itemprop=\"headline\"  >S\u2018il s\u2019agit d\u2019une traduction de site web, comment proc\u00e9der?<span class=\"toggle_icon\" >        <span class=\"vert_icon\"><\/span><span class=\"hor_icon\"><\/span><\/span><\/p>        <div id=\"toggle-id-8-container\" class=\"toggle_wrap \"  >            <div class=\"toggle_content invers-color \"  itemprop=\"text\"   ><p>Envoyez-nous le lien et, si possible, les contenus que vous souhaitez traduire dans un format \u00e9ditable (Word, Excel, html, etc.). Vous pouvez faire cette demande aupr\u00e8s du webmaster de votre site.<\/p>\n            <\/div>        <\/div>    <\/div><\/section>\n<section class=\"av_toggle_section\"  itemscope=\"itemscope\" itemtype=\"https:\/\/schema.org\/CreativeWork\"  >    <div class=\"single_toggle\" data-tags=\"{Tout} \"  >        <p data-fake-id=\"#toggle-id-9\" class=\"toggler \"  itemprop=\"headline\"  >Pourquoi un jour ouvrable est-il ajout\u00e9 \u00e0 la date limite de remise des prix apr\u00e8s 16h?<span class=\"toggle_icon\" >        <span class=\"vert_icon\"><\/span><span class=\"hor_icon\"><\/span><\/span><\/p>        <div id=\"toggle-id-9-container\" class=\"toggle_wrap \"  >            <div class=\"toggle_content invers-color \"  itemprop=\"text\"   ><p>Le processus de traduction implique une coordination entre les diff\u00e9rents membres de l&rsquo;\u00e9quipe &#8211; chef de projet, traducteur, r\u00e9viseur, contr\u00f4leur qualit\u00e9 &#8211; ce qui a un impact sur le moment o\u00f9 le projet d\u00e9marre. Si l&rsquo;accord de traduction arrive apr\u00e8s 16 heures, celle-ci ne pourra pas commencer avant le jour ouvrable suivant.<\/p>\n            <\/div>        <\/div>    <\/div><\/section>\n<\/div><br \/>\n<div class=\"togglecontainer   toggle_close_all \" >\n<section class=\"av_toggle_section\"  itemscope=\"itemscope\" itemtype=\"https:\/\/schema.org\/CreativeWork\"  >    <div class=\"single_toggle\" data-tags=\"{Tout} \"  >        <p data-fake-id=\"#toggle-id-10\" class=\"toggler \"  itemprop=\"headline\"  >Pourquoi a-t-on besoin de documents de r\u00e9f\u00e9rence pour la traduction ?<span class=\"toggle_icon\" >        <span class=\"vert_icon\"><\/span><span class=\"hor_icon\"><\/span><\/span><\/p>        <div id=\"toggle-id-10-container\" class=\"toggle_wrap \"  >            <div class=\"toggle_content invers-color \"  itemprop=\"text\"   ><p>Chaque client\/entreprise a son propre langage. Gr\u00e2ce \u00e0 l&rsquo;envoi de documents de r\u00e9f\u00e9rence, nous uniformisons la traduction et maintenons la coh\u00e9rence avec les termes\/expressions couramment utilis\u00e9s.<\/p>\n            <\/div>        <\/div>    <\/div><\/section>\n<section class=\"av_toggle_section\"  itemscope=\"itemscope\" itemtype=\"https:\/\/schema.org\/CreativeWork\"  >    <div class=\"single_toggle\" data-tags=\"{Tout} \"  >        <p data-fake-id=\"#toggle-id-11\" class=\"toggler \"  itemprop=\"headline\"  >Avez-vous besoin d\u2019une traduction asserment\u00e9e et\/ou certifi\u00e9e ?<span class=\"toggle_icon\" >        <span class=\"vert_icon\"><\/span><span class=\"hor_icon\"><\/span><\/span><\/p>        <div id=\"toggle-id-11-container\" class=\"toggle_wrap \"  >            <div class=\"toggle_content invers-color \"  itemprop=\"text\"   ><p>Veuillez consulter notre page Traduction asserment\u00e9e pour en savoir plus et\/ou contactez-nous.<\/p>\n            <\/div>        <\/div>    <\/div><\/section>\n<section class=\"av_toggle_section\"  itemscope=\"itemscope\" itemtype=\"https:\/\/schema.org\/CreativeWork\"  >    <div class=\"single_toggle\" data-tags=\"{Tout} \"  >        <p data-fake-id=\"#toggle-id-12\" class=\"toggler \"  itemprop=\"headline\"  >Comment est calcul\u00e9 le devis d\u2019une traduction ?<span class=\"toggle_icon\" >        <span class=\"vert_icon\"><\/span><span class=\"hor_icon\"><\/span><\/span><\/p>        <div id=\"toggle-id-12-container\" class=\"toggle_wrap \"  >            <div class=\"toggle_content invers-color \"  itemprop=\"text\"   ><p>Le montant du devis d\u00e9pend de facteurs tels que : le niveau technique de la langue, la complexit\u00e9 du sujet, la paire de langues concern\u00e9e, les formats dans lesquels les documents sont mis \u00e0 disposition, les formats dans lesquels vous souhaitez que les documents traduits vous soient renvoy\u00e9s, le volume de mots et l&rsquo;urgence de la livraison.<\/p>\n            <\/div>        <\/div>    <\/div><\/section>\n<\/div><\/p><\/div><div class=\"flex_column av_one_half  flex_column_div av-zero-column-padding   \" style='border-radius:0px; '><div class=\"togglecontainer   toggle_close_all \" >\n<section class=\"av_toggle_section\"  itemscope=\"itemscope\" itemtype=\"https:\/\/schema.org\/CreativeWork\"  >    <div class=\"single_toggle\" data-tags=\"{Tout} \"  >        <p data-fake-id=\"#toggle-id-13\" class=\"toggler \"  itemprop=\"headline\"  >Comment dois-je proc\u00e9der pour demander un devis ?<span class=\"toggle_icon\" >        <span class=\"vert_icon\"><\/span><span class=\"hor_icon\"><\/span><\/span><\/p>        <div id=\"toggle-id-13-container\" class=\"toggle_wrap \"  >            <div class=\"toggle_content invers-color \"  itemprop=\"text\"   ><p>Envoyez-nous un courriel \u00e0 <a href=\"mailto:info@starportugal.pt\">info@starportugal.pt<\/a>, ou utilisez le formulaire de <a href=\"https:\/\/starportugal.pt\/fr\/demande-de-devis\/\">Demande de devis<\/a>, en joignant les fichiers que vous souhaitez traduire. Si vous optez pour le courrier \u00e9lectronique, veuillez indiquer la paire de langues, la date \u00e0 laquelle vous avez besoin de la traduction et toute autre information que vous jugez pertinente. Veuillez indiquer votre nom et votre num\u00e9ro de t\u00e9l\u00e9phone.<\/p>\n            <\/div>        <\/div>    <\/div><\/section>\n<section class=\"av_toggle_section\"  itemscope=\"itemscope\" itemtype=\"https:\/\/schema.org\/CreativeWork\"  >    <div class=\"single_toggle\" data-tags=\"{Tout} \"  >        <p data-fake-id=\"#toggle-id-14\" class=\"toggler \"  itemprop=\"headline\"  >Quels sont les principaux domaines de sp\u00e9cialisation?<span class=\"toggle_icon\" >        <span class=\"vert_icon\"><\/span><span class=\"hor_icon\"><\/span><\/span><\/p>        <div id=\"toggle-id-14-container\" class=\"toggle_wrap \"  >            <div class=\"toggle_content invers-color \"  itemprop=\"text\"   ><p>Nos traducteurs\/r\u00e9viseurs sont sp\u00e9cialis\u00e9s dans diff\u00e9rents domaines techniques, tels que : ing\u00e9nierie, machines, produits de luxe (y compris l&rsquo;horlogerie), marketing, finance, comptabilit\u00e9, etc.<\/p>\n            <\/div>        <\/div>    <\/div><\/section>\n<section class=\"av_toggle_section\"  itemscope=\"itemscope\" itemtype=\"https:\/\/schema.org\/CreativeWork\"  >    <div class=\"single_toggle\" data-tags=\"{Tout} \"  >        <p data-fake-id=\"#toggle-id-15\" class=\"toggler \"  itemprop=\"headline\"  >Travaillez-vous avec la post-\u00e9dition de traduction automatique (MTPE) ?<span class=\"toggle_icon\" >        <span class=\"vert_icon\"><\/span><span class=\"hor_icon\"><\/span><\/span><\/p>        <div id=\"toggle-id-15-container\" class=\"toggle_wrap \"  >            <div class=\"toggle_content invers-color \"  itemprop=\"text\"   ><p>Oui. Nous proposons des services de post-\u00e9dition de traduction automatique (MTPE), dans lesquels un traducteur professionnel r\u00e9vise, corrige et ajuste le contenu g\u00e9n\u00e9r\u00e9 par les syst\u00e8mes de traduction automatique. Ce service est id\u00e9al pour ceux qui recherchent la rapidit\u00e9 et l&rsquo;\u00e9conomie, tout en maintenant un niveau acceptable de qualit\u00e9 et de coh\u00e9rence, en particulier pour les contenus \u00e0 fort volume ou \u00e0 usage interne.<\/p>\n            <\/div>        <\/div>    <\/div><\/section>\n<section class=\"av_toggle_section\"  itemscope=\"itemscope\" itemtype=\"https:\/\/schema.org\/CreativeWork\"  >    <div class=\"single_toggle\" data-tags=\"{Tout} \"  >        <p data-fake-id=\"#toggle-id-16\" class=\"toggler \"  itemprop=\"headline\"  >Traduisez-vous vers des variantes sp\u00e9cifiques, comme le portugais br\u00e9silien ou l\u2019anglais britannique ?<span class=\"toggle_icon\" >        <span class=\"vert_icon\"><\/span><span class=\"hor_icon\"><\/span><\/span><\/p>        <div id=\"toggle-id-16-container\" class=\"toggle_wrap \"  >            <div class=\"toggle_content invers-color \"  itemprop=\"text\"   ><p>Oui. Nous travaillons avec des traducteurs natifs sp\u00e9cialis\u00e9s dans les variantes linguistiques r\u00e9gionales, telles que le portugais europ\u00e9en ou br\u00e9silien, l&rsquo;anglais britannique ou am\u00e9ricain, entre autres. Le choix de la variante se fait sur la base des informations sp\u00e9cifiques du client, du public cible et du march\u00e9 o\u00f9 le contenu sera utilis\u00e9, en garantissant ainsi naturel et ad\u00e9quation culturelle.<\/p>\n            <\/div>        <\/div>    <\/div><\/section>\n<section class=\"av_toggle_section\"  itemscope=\"itemscope\" itemtype=\"https:\/\/schema.org\/CreativeWork\"  >    <div class=\"single_toggle\" data-tags=\"{Tout} \"  >        <p data-fake-id=\"#toggle-id-17\" class=\"toggler \"  itemprop=\"headline\"  >Faites-vous des traductions urgentes ?<span class=\"toggle_icon\" >        <span class=\"vert_icon\"><\/span><span class=\"hor_icon\"><\/span><\/span><\/p>        <div id=\"toggle-id-17-container\" class=\"toggle_wrap \"  >            <div class=\"toggle_content invers-color \"  itemprop=\"text\"   ><p>Oui. Nous proposons des services de traduction urgente, avec des d\u00e9lais adapt\u00e9s aux besoins du client. Notre \u00e9quipe est pr\u00eate \u00e0 g\u00e9rer des projets requ\u00e9rant une livraison rapide, sans compromis sur la qualit\u00e9, gr\u00e2ce \u00e0 une gestion efficace des ressources et \u00e0 des processus optimis\u00e9s. Pour les devis urgents, veuillez nous contacter directement pour une \u00e9valuation imm\u00e9diate.<\/p>\n            <\/div>        <\/div>    <\/div><\/section>\n<section class=\"av_toggle_section\"  itemscope=\"itemscope\" itemtype=\"https:\/\/schema.org\/CreativeWork\"  >    <div class=\"single_toggle\" data-tags=\"{Tout} \"  >        <p data-fake-id=\"#toggle-id-18\" class=\"toggler \"  itemprop=\"headline\"  >Qu\u2019est-ce qui est inclus dans le prix ?<span class=\"toggle_icon\" >        <span class=\"vert_icon\"><\/span><span class=\"hor_icon\"><\/span><\/span><\/p>        <div id=\"toggle-id-18-container\" class=\"toggle_wrap \"  >            <div class=\"toggle_content invers-color \"  itemprop=\"text\"   ><p>Sauf indication contraire du client, le service de traduction comprend la traduction, la r\u00e9vision, le contr\u00f4le qualit\u00e9 et la mise en forme graphique simple. Le service de r\u00e9vision comprend la r\u00e9vision, le contr\u00f4le qualit\u00e9 et la mise en forme graphique simple. Le service de sous-titrage comprend la transcription, la traduction et l&rsquo;enregistrement des sous-titres.<\/p>\n            <\/div>        <\/div>    <\/div><\/section>\n<section class=\"av_toggle_section\"  itemscope=\"itemscope\" itemtype=\"https:\/\/schema.org\/CreativeWork\"  >    <div class=\"single_toggle\" data-tags=\"{Tout} \"  >        <p data-fake-id=\"#toggle-id-19\" class=\"toggler \"  itemprop=\"headline\"  >Comment fonctionne le contr\u00f4le qualit\u00e9 ?<span class=\"toggle_icon\" >        <span class=\"vert_icon\"><\/span><span class=\"hor_icon\"><\/span><\/span><\/p>        <div id=\"toggle-id-19-container\" class=\"toggle_wrap \"  >            <div class=\"toggle_content invers-color \"  itemprop=\"text\"   ><p>Nous pensons que la qualit\u00e9 n&rsquo;est pas seulement une exigence, mais le pilier central de notre philosophie de travail. Chaque projet que nous r\u00e9alisons est trait\u00e9 avec la plus grande rigueur et une attention particuli\u00e8re est port\u00e9e aux d\u00e9tails, en suivant un processus de contr\u00f4le qualit\u00e9 soigneusement structur\u00e9 pour garantir des r\u00e9sultats d&rsquo;excellence.<\/p>\n<p>Notre processus comprend :<\/p>\n<ul>\n<li>Traduction r\u00e9alis\u00e9e par un traducteur dont la langue maternelle est la langue cible et qui est sp\u00e9cialis\u00e9 dans le domaine en question.<\/li>\n<li>R\u00e9vision par un second linguiste, dont la langue maternelle est la langue cible, afin de garantir la pr\u00e9cision, la fluidit\u00e9 et la clart\u00e9 du texte final.<\/li>\n<li>V\u00e9rification minutieuse de l&rsquo;orthographe, des chiffres, de la grammaire, de la coh\u00e9rence terminologique et du formatage, afin que chaque \u00e9l\u00e9ment soit conforme aux normes linguistiques les plus strictes.<\/li>\n<li>Utilisation d&rsquo;outils de TAO de pointe, avec des contr\u00f4les qualit\u00e9 automatiques qui permettent d&rsquo;identifier et de corriger rapidement les incoh\u00e9rences.<\/li>\n<li>Adaptation du ton et du style au public cible et \u00e0 l&rsquo;objectif de la communication, en veillant \u00e0 l&rsquo;impact et \u00e0 l&rsquo;ad\u00e9quation culturelle.<\/li>\n<\/ul>\n<p>Gr\u00e2ce \u00e0 ce processus rigoureux et \u00e0 l&rsquo;engagement de notre \u00e9quipe, nous livrons toujours un r\u00e9sultat final coh\u00e9rent, pr\u00e9cis et en parfaite ad\u00e9quation avec les attentes du client.<\/p>\n            <\/div>        <\/div>    <\/div><\/section>\n<section class=\"av_toggle_section\"  itemscope=\"itemscope\" itemtype=\"https:\/\/schema.org\/CreativeWork\"  >    <div class=\"single_toggle\" data-tags=\"{Tout} \"  >        <p data-fake-id=\"#toggle-id-20\" class=\"toggler \"  itemprop=\"headline\"  >Faites-vous la localisation des sites web et des logiciels ?<span class=\"toggle_icon\" >        <span class=\"vert_icon\"><\/span><span class=\"hor_icon\"><\/span><\/span><\/p>        <div id=\"toggle-id-20-container\" class=\"toggle_wrap \"  >            <div class=\"toggle_content invers-color \"  itemprop=\"text\"   ><p>Oui. Nous fournissons des services complets de localisation de sites web, d&rsquo;applications et de logiciels, en adaptant non seulement la langue mais aussi les \u00e9l\u00e9ments culturels, fonctionnels et techniques au march\u00e9 cible. Nous travaillons avec des \u00e9quipes sp\u00e9cialis\u00e9es et utilisons des outils sp\u00e9cifiques pour nous assurer que l&rsquo;exp\u00e9rience utilisateur est parfaitement adapt\u00e9e au public local.<\/p>\n            <\/div>        <\/div>    <\/div><\/section>\n<section class=\"av_toggle_section\"  itemscope=\"itemscope\" itemtype=\"https:\/\/schema.org\/CreativeWork\"  >    <div class=\"single_toggle\" data-tags=\"{Tout} \"  >        <p data-fake-id=\"#toggle-id-21\" class=\"toggler \"  itemprop=\"headline\"  >Comment recevoir les documents traduits ?<span class=\"toggle_icon\" >        <span class=\"vert_icon\"><\/span><span class=\"hor_icon\"><\/span><\/span><\/p>        <div id=\"toggle-id-21-container\" class=\"toggle_wrap \"  >            <div class=\"toggle_content invers-color \"  itemprop=\"text\"   ><p>Le moyen le plus courant est le courrier \u00e9lectronique. Dans le cas de traductions assorties d&rsquo;une d\u00e9claration sur l&rsquo;honneur du traducteur, d&rsquo;une certification notariale ou d&rsquo;une apostille, les documents doivent \u00eatre remis sous forme physique \u00e0 nos bureaux ou envoy\u00e9s par la poste, \u00e0 la convenance du client. Dans ce cas, il est \u00e9galement possible d&rsquo;envoyer par courrier \u00e9lectronique les documents de certification scann\u00e9s.<\/p>\n            <\/div>        <\/div>    <\/div><\/section>\n<section class=\"av_toggle_section\"  itemscope=\"itemscope\" itemtype=\"https:\/\/schema.org\/CreativeWork\"  >    <div class=\"single_toggle\" data-tags=\"{Tout} \"  >        <p data-fake-id=\"#toggle-id-22\" class=\"toggler \"  itemprop=\"headline\"  >Signez-vous des accords de confidentialit\u00e9 (NDA) ?<span class=\"toggle_icon\" >        <span class=\"vert_icon\"><\/span><span class=\"hor_icon\"><\/span><\/span><\/p>        <div id=\"toggle-id-22-container\" class=\"toggle_wrap \"  >            <div class=\"toggle_content invers-color \"  itemprop=\"text\"   ><p>Nous signons des accords de confidentialit\u00e9 (NDA &#8211; <i>Non-Disclosure Agreement<\/i>) lorsque sollicit\u00e9, que ce soit avec des clients priv\u00e9s, des entreprises ou des organisations publiques.<\/p>\n<p>En outre, tous nos employ\u00e9s et partenaires linguistiques sont soumis \u00e0 des engagements contractuels de confidentialit\u00e9, et nous suivons des pratiques strictes en mati\u00e8re de protection des donn\u00e9es et de s\u00e9curit\u00e9 num\u00e9rique tout au long du processus de traduction.<\/p>\n            <\/div>        <\/div>    <\/div><\/section>\n<section class=\"av_toggle_section\"  itemscope=\"itemscope\" itemtype=\"https:\/\/schema.org\/CreativeWork\"  >    <div class=\"single_toggle\" data-tags=\"{Tout} \"  >        <p data-fake-id=\"#toggle-id-23\" class=\"toggler \"  itemprop=\"headline\"  >Vous occupez-vous de la certification notariale ou de l\u2019apostille de La Haye ?<span class=\"toggle_icon\" >        <span class=\"vert_icon\"><\/span><span class=\"hor_icon\"><\/span><\/span><\/p>        <div id=\"toggle-id-23-container\" class=\"toggle_wrap \"  >            <div class=\"toggle_content invers-color \"  itemprop=\"text\"   ><p>Si n\u00e9cessaire, nous pouvons nous occuper de la certification notariale de la traduction ainsi que de l&rsquo;\u00e9mission de l&rsquo;apostille de La Haye, conform\u00e9ment aux exigences l\u00e9gales.<\/p>\n<p>La traduction est accompagn\u00e9e d\u2019une d\u00e9claration sur l\u2019honneur du traducteur, elle est ensuite certifi\u00e9e par un notaire. Dans le cas de l&rsquo;apostille, nous coordonnons le processus avec les autorit\u00e9s comp\u00e9tentes, telles que le bureau du procureur g\u00e9n\u00e9ral.<\/p>\n<p>Ce service \u00e9tant soumis \u00e0 des co\u00fbts et des d\u00e9lais suppl\u00e9mentaires, nous vous recommandons de nous contacter pour une \u00e9valuation sp\u00e9cifique de votre demande.<\/p>\n            <\/div>        <\/div>    <\/div><\/section>\n<\/div><\/div><\/div><\/div><\/div><!-- close content main div --><\/div><\/div><div id='after_section_1' class='main_color av_default_container_wrap container_wrap sidebar_right'   ><div class='container' ><div class='template-page content  av-content-small alpha units'><div class='post-entry post-entry-type-page post-entry-2547'><div class='entry-content-wrapper clearfix'>\n","protected":false},"excerpt":{"rendered":"","protected":false},"author":1,"featured_media":0,"parent":0,"menu_order":9,"comment_status":"closed","ping_status":"closed","template":"","meta":{"footnotes":""},"class_list":["post-2547","page","type-page","status-publish","hentry"],"_links":{"self":[{"href":"https:\/\/starportugal.pt\/fr\/wp-json\/wp\/v2\/pages\/2547","targetHints":{"allow":["GET"]}}],"collection":[{"href":"https:\/\/starportugal.pt\/fr\/wp-json\/wp\/v2\/pages"}],"about":[{"href":"https:\/\/starportugal.pt\/fr\/wp-json\/wp\/v2\/types\/page"}],"author":[{"embeddable":true,"href":"https:\/\/starportugal.pt\/fr\/wp-json\/wp\/v2\/users\/1"}],"replies":[{"embeddable":true,"href":"https:\/\/starportugal.pt\/fr\/wp-json\/wp\/v2\/comments?post=2547"}],"version-history":[{"count":5,"href":"https:\/\/starportugal.pt\/fr\/wp-json\/wp\/v2\/pages\/2547\/revisions"}],"predecessor-version":[{"id":4492,"href":"https:\/\/starportugal.pt\/fr\/wp-json\/wp\/v2\/pages\/2547\/revisions\/4492"}],"wp:attachment":[{"href":"https:\/\/starportugal.pt\/fr\/wp-json\/wp\/v2\/media?parent=2547"}],"curies":[{"name":"wp","href":"https:\/\/api.w.org\/{rel}","templated":true}]}}