{"id":2405,"date":"2017-12-27T01:13:37","date_gmt":"2017-12-27T01:13:37","guid":{"rendered":"https:\/\/starportugal.pt\/la-technologie\/clm\/"},"modified":"2025-10-22T10:32:19","modified_gmt":"2025-10-22T09:32:19","slug":"clm","status":"publish","type":"page","link":"https:\/\/starportugal.pt\/fr\/des-produits\/clm\/","title":{"rendered":"STAR CLM &#8211; Syst\u00e8me de gestion de la traduction"},"content":{"rendered":"<\/div><\/div><\/div><!-- close content main div --><\/div><\/div><div id='av_section_1' class='avia-section main_color avia-section-default avia-no-shadow avia-bg-style-scroll   container_wrap sidebar_right'   ><div class='container' ><div class='template-page content  av-content-small alpha units'><div class='post-entry post-entry-type-page post-entry-2405'><div class='entry-content-wrapper clearfix'>\n<div class=\"flex_column av_one_fourth  flex_column_div av-zero-column-padding first  \" style='border-radius:0px; '><div class='avia-builder-widget-area clearfix '><div id=\"custom_html-3\" class=\"widget_text widget clearfix widget_custom_html\"><div class=\"textwidget custom-html-widget\"><!-- c38b24c4f9f1ff370586abd63de01cc6 --><\/div><\/div><div id=\"nav_menu-3\" class=\"widget clearfix widget_nav_menu\"><div class=\"menu-tecnologias-frances-2-container\"><ul id=\"menu-tecnologias-frances-2\" class=\"menu\"><li id=\"menu-item-4356\" class=\"menu-item menu-item-type-post_type menu-item-object-page menu-item-4356\"><a href=\"https:\/\/starportugal.pt\/fr\/des-produits\/ivalac-plataforma-de-apoio-ao-cliente\/\">iValac \u2013 Plate-forme d\u2019assistance \u00e0 la client\u00e8le<\/a><\/li>\n<li id=\"menu-item-2738\" class=\"menu-item menu-item-type-post_type menu-item-object-page menu-item-2738\"><a href=\"https:\/\/starportugal.pt\/fr\/des-produits\/transit\/\">Transit NXT<\/a><\/li>\n<li id=\"menu-item-2737\" class=\"menu-item menu-item-type-post_type menu-item-object-page menu-item-2737\"><a href=\"https:\/\/starportugal.pt\/fr\/des-produits\/termstar\/\">TermStar<\/a><\/li>\n<li id=\"menu-item-2744\" class=\"menu-item menu-item-type-post_type menu-item-object-page menu-item-2744\"><a href=\"https:\/\/starportugal.pt\/fr\/des-produits\/webterm\/\">WebTerm \u2013 Gestion terminologique en ligne<\/a><\/li>\n<li id=\"menu-item-4358\" class=\"menu-item menu-item-type-post_type menu-item-object-page menu-item-4358\"><a href=\"https:\/\/starportugal.pt\/fr\/des-produits\/clm-webedit-revisao-de-traducoes-online\/\">CLM WebEdit \u2013 R\u00e9vision de traductions en ligne<\/a><\/li>\n<li id=\"menu-item-2735\" class=\"menu-item menu-item-type-post_type menu-item-object-page menu-item-2735\"><a href=\"https:\/\/starportugal.pt\/fr\/des-produits\/clm\/\">STAR CLM \u2013 Syst\u00e8me de gestion de la traduction<\/a><\/li>\n<li id=\"menu-item-2745\" class=\"menu-item menu-item-type-post_type menu-item-object-page menu-item-2745\"><a href=\"https:\/\/starportugal.pt\/fr\/des-produits\/star-group-shop\/\">STAR Group Webshop<\/a><\/li>\n<\/ul><\/div><\/div><\/div><\/div><div class=\"flex_column av_three_fourth  flex_column_div av-zero-column-padding   \" style='border-radius:0px; '><p><div class='avia-image-container  av-styling-    avia-align-left '  itemscope=\"itemscope\" itemtype=\"https:\/\/schema.org\/ImageObject\"  ><div class='avia-image-container-inner'><img class='avia_image ' src='https:\/\/starportugal.pt\/wp-content\/uploads\/2025\/10\/star-mt.jpg' alt='' title='Geometric shapes structure on empty concrete floor with white wall background in hall or modern showroom, Construction technology for future architecture - Abstract interior design 3d illustration'   itemprop=\"thumbnailUrl\"  \/><\/div><\/div><br \/>\n<div style='height:1px; margin-top:-50px'  class='hr hr-invisible  '><span class='hr-inner ' ><span class='hr-inner-style'><\/span><\/span><\/div><br \/>\n<div style='padding-bottom:10px;font-size:27px;' class='av-special-heading av-special-heading-h3  blockquote modern-quote  av-inherit-size '><h3 class='av-special-heading-tag '  itemprop=\"headline\"  >STAR CLM &#8211; Syst\u00e8me de gestion de la traduction<\/h3><div class='special-heading-border'><div class='special-heading-inner-border' ><\/div><\/div><\/div><br \/>\n<section class=\"av_textblock_section \"  itemscope=\"itemscope\" itemtype=\"https:\/\/schema.org\/CreativeWork\" ><div class='avia_textblock  '   itemprop=\"text\" ><p>STAR CLM est le syst\u00e8me de gestion de la traduction (TMS) con\u00e7u et d\u00e9velopp\u00e9 par STAR pour la gestion automatis\u00e9e des flux de traduction.<\/p>\n<p>Il int\u00e8gre des fonctions avanc\u00e9es de centralisation des m\u00e9moires de traduction (MT) et de terminologie, de <i>traduction automatique<\/i>, de r\u00e9vision <i>en ligne<\/i>, de tra\u00e7abilit\u00e9 des co\u00fbts et d&rsquo;avancement des projets. Il est compatible avec les principales plateformes de r\u00e9daction.<\/p>\n<p><b>Productivit\u00e9 et pr\u00e9cision, dans tout type de projet<\/b><\/p>\n<p>Nous offrons un environnement de travail enti\u00e8rement optimis\u00e9 pour r\u00e9pondre aux exigences de la traduction et de la localisation, quel que soit le format ou la complexit\u00e9 du contenu.<\/p>\n<p>Environnement de travail optimis\u00e9 pour chaque t\u00e2che :<\/p>\n<ul>\n<li>Traduction et localisation de tous types de projets et de formats<\/li>\n<li>Syst\u00e8me de m\u00e9moire de traduction Transit<\/li>\n<li>Gestion de la terminologie avec TermStar et WebTerm<\/li>\n<li>Traduction automatique STAR MT- int\u00e9gr\u00e9e et d&rsquo;excellence<\/li>\n<li>CLM WebEdit pour l&rsquo;\u00e9dition et la validation en ligne en temps r\u00e9el<\/li>\n<\/ul>\n<p>Appuyez-vous sur une solution compl\u00e8te con\u00e7ue pour acc\u00e9l\u00e9rer les processus et garantir la qualit\u00e9 \u00e0 chaque \u00e9tape.<\/p>\n<p>Informations d\u00e9taill\u00e9es sur le site Web du <a href=\"https:\/\/www.star-group.net\/en\/products\/corporate-language-management.html\">STAR Group<\/a> \u00e0 l&rsquo;adresse: <a href=\"https:\/\/www.star-group.net\/en\/products\/corporate-language-management.html\">https:\/\/www.star-group.net\/en\/products\/corporate-language-management.html<\/a><\/p>\n<\/div><\/section><br \/>\n<div style='height:20px' class='hr hr-invisible  '><span class='hr-inner ' ><span class='hr-inner-style'><\/span><\/span><\/div><br \/>\n<section class=\"av_textblock_section \"  itemscope=\"itemscope\" itemtype=\"https:\/\/schema.org\/CreativeWork\" ><div class='avia_textblock  '   itemprop=\"text\" ><h3>Demande d&rsquo;informations :<\/h3>\n<p><strong>Conform\u00e9ment aux dispositions du RGPD (R\u00e8glement (UE) 2016\/679 du Parlement europ\u00e9en et du Conseil du 27 avril 2016), votre consentement au traitement de vos donn\u00e9es personnelles est indispensable.<\/strong><\/p>\n<\/div><\/section><br \/>\n<form action=\"https:\/\/starportugal.pt\/fr\/des-produits\/clm\/\" method=\"post\"  class=\"avia_ajax_form av-form-labels-visible    \" data-avia-form-id=\"1\" data-avia-redirect=''><fieldset><p class=' first_form  form_element form_fullwidth' id='element_avia_1_1'>    <input  name=\"avia_1_1\" class=\"input_checkbox is_empty\" type=\"checkbox\" id=\"avia_1_1\" value=\"true\"\/><label class=\"input_checkbox_label\" for=\"avia_1_1\">Oui, j\u2019autorise le traitement de mes donn\u00e9es personnelles. <abbr class=\"required\" title=\"requis\">*<\/abbr><\/label><\/p><p class=' first_form  form_element form_element_half' id='element_avia_2_1'><label for=\"avia_2_1\">Nom \/ Entreprise <abbr class=\"required\" title=\"requis\">*<\/abbr><\/label> <input name=\"avia_2_1\" class=\"text_input is_empty\" type=\"text\" id=\"avia_2_1\" value=\"\" \/><\/p><p class=' form_element form_element_half' id='element_avia_3_1'><label for=\"avia_3_1\">Email <abbr class=\"required\" title=\"requis\">*<\/abbr><\/label> <input name=\"avia_3_1\" class=\"text_input is_email\" type=\"text\" id=\"avia_3_1\" value=\"\" \/><\/p><p class=' first_form  form_element form_element_half' id='element_avia_4_1'><label for=\"avia_4_1\">Contact t\u00e9l\u00e9phonique <abbr class=\"required\" title=\"requis\">*<\/abbr><\/label> <input name=\"avia_4_1\" class=\"text_input is_phone\" type=\"text\" id=\"avia_4_1\" value=\"\" \/><\/p><p class=' form_element form_element_half' id='element_avia_5_1'><label for=\"avia_5_1\">Sujet <abbr class=\"required\" title=\"requis\">*<\/abbr><\/label> <input name=\"avia_5_1\" class=\"text_input is_empty\" type=\"text\" id=\"avia_5_1\" value=\"\" \/><\/p><p class=' first_form  form_element form_fullwidth av-last-visible-form-element' id='element_avia_6_1'>\t <label for=\"avia_6_1\" class=\"textare_label hidden textare_label_avia_6_1\">Informations compl\u00e9mentaires ou remarques: <abbr class=\"required\" title=\"requis\">*<\/abbr><\/label>\t <textarea  name=\"avia_6_1\" class=\"text_area is_empty\" cols=\"40\" rows=\"7\" id=\"avia_6_1\" ><\/textarea><\/p><p class=\"hidden\"><input type=\"text\" name=\"avia_7_1\" class=\"hidden \" id=\"avia_7_1\" value=\"\" \/><\/p><p class=\"form_element \"><input type=\"hidden\" value=\"1\" name=\"avia_generated_form1\" \/><input type=\"submit\" value=\"Envoyer\" class=\"button\"  data-sending-label=\"Envoi\"\/><\/p><\/fieldset><\/form><div id=\"ajaxresponse_1\" class=\"ajaxresponse ajaxresponse_1 hidden\"><\/div><br \/>\n<section class=\"av_textblock_section \"  itemscope=\"itemscope\" itemtype=\"https:\/\/schema.org\/CreativeWork\" ><div class='avia_textblock  '   itemprop=\"text\" ><p><span style=\"color: #b40e3d;\">*<\/span> Renseignements requis<\/p>\n<\/div><\/section><\/p><\/div><\/div><\/div><\/div><!-- close content main div --><\/div><\/div><div id='after_section_1' class='main_color av_default_container_wrap container_wrap sidebar_right'   ><div class='container' ><div class='template-page content  av-content-small alpha units'><div class='post-entry post-entry-type-page post-entry-2405'><div class='entry-content-wrapper clearfix'>\n","protected":false},"excerpt":{"rendered":"","protected":false},"author":1,"featured_media":0,"parent":2382,"menu_order":150,"comment_status":"closed","ping_status":"closed","template":"","meta":{"footnotes":""},"class_list":["post-2405","page","type-page","status-publish","hentry"],"_links":{"self":[{"href":"https:\/\/starportugal.pt\/fr\/wp-json\/wp\/v2\/pages\/2405","targetHints":{"allow":["GET"]}}],"collection":[{"href":"https:\/\/starportugal.pt\/fr\/wp-json\/wp\/v2\/pages"}],"about":[{"href":"https:\/\/starportugal.pt\/fr\/wp-json\/wp\/v2\/types\/page"}],"author":[{"embeddable":true,"href":"https:\/\/starportugal.pt\/fr\/wp-json\/wp\/v2\/users\/1"}],"replies":[{"embeddable":true,"href":"https:\/\/starportugal.pt\/fr\/wp-json\/wp\/v2\/comments?post=2405"}],"version-history":[{"count":7,"href":"https:\/\/starportugal.pt\/fr\/wp-json\/wp\/v2\/pages\/2405\/revisions"}],"predecessor-version":[{"id":4332,"href":"https:\/\/starportugal.pt\/fr\/wp-json\/wp\/v2\/pages\/2405\/revisions\/4332"}],"up":[{"embeddable":true,"href":"https:\/\/starportugal.pt\/fr\/wp-json\/wp\/v2\/pages\/2382"}],"wp:attachment":[{"href":"https:\/\/starportugal.pt\/fr\/wp-json\/wp\/v2\/media?parent=2405"}],"curies":[{"name":"wp","href":"https:\/\/api.w.org\/{rel}","templated":true}]}}