{"id":2362,"date":"2017-12-06T00:46:57","date_gmt":"2017-12-06T00:46:57","guid":{"rendered":"https:\/\/starportugal.pt\/services\/traducao-certificada\/"},"modified":"2025-10-22T10:05:56","modified_gmt":"2025-10-22T09:05:56","slug":"traduction-assermentee","status":"publish","type":"page","link":"https:\/\/starportugal.pt\/fr\/services\/traduction-assermentee\/","title":{"rendered":"Traduction asserment\u00e9e"},"content":{"rendered":"<\/div><\/div><\/div><!-- close content main div --><\/div><\/div><div id='av_section_1' class='avia-section main_color avia-section-default avia-no-shadow avia-bg-style-scroll   container_wrap sidebar_right'   ><div class='container' ><div class='template-page content  av-content-small alpha units'><div class='post-entry post-entry-type-page post-entry-2362'><div class='entry-content-wrapper clearfix'>\n<div class=\"flex_column av_one_fourth  flex_column_div av-zero-column-padding first  \" style='border-radius:0px; '><div class='avia-builder-widget-area clearfix '><div id=\"block-2\" class=\"widget clearfix widget_block\"><p><!-- 0d2bdac2931bda86cec3d8b0a16eb604 --><\/p>\n<\/div><div id=\"custom_html-2\" class=\"widget_text widget clearfix widget_custom_html\"><div class=\"textwidget custom-html-widget\"><!-- 684d18d306c5e515051f86a852796373 --><\/div><\/div><div id=\"nav_menu-2\" class=\"widget clearfix widget_nav_menu\"><div class=\"menu-menu-servicos-frances-container\"><ul id=\"menu-menu-servicos-frances\" class=\"menu\"><li id=\"menu-item-2723\" class=\"menu-item menu-item-type-post_type menu-item-object-page menu-item-2723\"><a href=\"https:\/\/starportugal.pt\/fr\/services\/traduction-technique\/\">Traduction technique<\/a><\/li>\n<li id=\"menu-item-2722\" class=\"menu-item menu-item-type-post_type menu-item-object-page menu-item-2722\"><a href=\"https:\/\/starportugal.pt\/fr\/services\/traduction-financiere\/\">Traduction financi\u00e8re<\/a><\/li>\n<li id=\"menu-item-4323\" class=\"menu-item menu-item-type-post_type menu-item-object-page menu-item-4323\"><a href=\"https:\/\/starportugal.pt\/fr\/services\/traducao-generalista\/\">Traduction g\u00e9n\u00e9rale<\/a><\/li>\n<li id=\"menu-item-2724\" class=\"menu-item menu-item-type-post_type menu-item-object-page menu-item-2724\"><a href=\"https:\/\/starportugal.pt\/fr\/services\/traduction-assermentee\/\">Traduction asserment\u00e9e<\/a><\/li>\n<li id=\"menu-item-2720\" class=\"menu-item menu-item-type-post_type menu-item-object-page menu-item-2720\"><a href=\"https:\/\/starportugal.pt\/fr\/services\/relecture-revision-de-texte\/\">R\u00e9vision de texte<\/a><\/li>\n<li id=\"menu-item-4322\" class=\"menu-item menu-item-type-post_type menu-item-object-page menu-item-4322\"><a href=\"https:\/\/starportugal.pt\/fr\/services\/lqa-language-quality-assurance\/\">AQL \u2013 Assurance Qualit\u00e9 Linguistique<\/a><\/li>\n<li id=\"menu-item-4324\" class=\"menu-item menu-item-type-post_type menu-item-object-page menu-item-4324\"><a href=\"https:\/\/starportugal.pt\/fr\/services\/sous-titrage\/\">Sous-titrage<\/a><\/li>\n<\/ul><\/div><\/div><\/div><\/div><div class=\"flex_column av_three_fourth  flex_column_div av-zero-column-padding   \" style='border-radius:0px; '><p><div class='avia-image-container  av-styling-no-styling    avia-align-center '  itemscope=\"itemscope\" itemtype=\"https:\/\/schema.org\/ImageObject\"  ><div class='avia-image-container-inner'><img class='avia_image ' src='https:\/\/starportugal.pt\/wp-content\/uploads\/2017\/12\/STAR-terminologia-gestion-activo-linguistico.jpg' alt='' title='Tradu\u00e7\u00e3o certificada'   itemprop=\"thumbnailUrl\"  \/><\/div><\/div><br \/>\n<div style='padding-bottom:10px;' class='av-special-heading av-special-heading-h2  blockquote modern-quote   '><h2 class='av-special-heading-tag '  itemprop=\"headline\"  >Traduction Asserment\u00e9e<\/h2><div class='special-heading-border'><div class='special-heading-inner-border' ><\/div><\/div><\/div><br \/>\n<section class=\"av_textblock_section \"  itemscope=\"itemscope\" itemtype=\"https:\/\/schema.org\/CreativeWork\" ><div class='avia_textblock  '   itemprop=\"text\" ><p>Chez <b>STAR &#8211; <\/b><b>Servi\u00e7os<\/b> <b>Lingu\u00edsticos<\/b>, nous fournissons des services de certification de nos traductions, l\u00e9galement valables au Portugal et \u00e0 l&rsquo;\u00e9tranger.<\/p>\n<p>Nous traduisons des certificats, des dipl\u00f4mes, des contrats, des documents d&rsquo;identit\u00e9, entre autres, avec une d\u00e9claration sur l&rsquo;honneur du traducteur, une certification notariale ou une apostille.<\/p>\n<p>En fonction des exigences de l&rsquo;organisation qui re\u00e7oit la traduction, nous garantissons que les documents seront accept\u00e9s dans les processus juridiques, acad\u00e9miques ou administratifs, tant \u00e0 l&rsquo;int\u00e9rieur qu&rsquo;\u00e0 l&rsquo;ext\u00e9rieur du pays.<\/p>\n<p>Avec rigueur, confidentialit\u00e9 et connaissance des proc\u00e9dures l\u00e9gales, nous vous garantissons un service complet, fiable et adapt\u00e9 \u00e0 vos besoins.<\/p>\n<\/div><\/section><br \/>\n<div style='height:20px' class='hr hr-invisible  '><span class='hr-inner ' ><span class='hr-inner-style'><\/span><\/span><\/div><br \/>\n<div class='avia-button-wrap avia-button-left '><a href='https:\/\/starportugal.pt\/fr\/demande-de-devis\/' class='avia-button   avia-icon_select-no avia-color-theme-color avia-size-large avia-position-left '   ><span class='avia_iconbox_title' >Demande de devis<\/span><\/a><\/div><\/p><\/div><\/div><\/div><\/div><!-- close content main div --><\/div><\/div><div id='after_section_1' class='main_color av_default_container_wrap container_wrap sidebar_right'   ><div class='container' ><div class='template-page content  av-content-small alpha units'><div class='post-entry post-entry-type-page post-entry-2362'><div class='entry-content-wrapper clearfix'>\n","protected":false},"excerpt":{"rendered":"","protected":false},"author":1,"featured_media":0,"parent":2261,"menu_order":87,"comment_status":"closed","ping_status":"closed","template":"","meta":{"footnotes":""},"class_list":["post-2362","page","type-page","status-publish","hentry"],"_links":{"self":[{"href":"https:\/\/starportugal.pt\/fr\/wp-json\/wp\/v2\/pages\/2362","targetHints":{"allow":["GET"]}}],"collection":[{"href":"https:\/\/starportugal.pt\/fr\/wp-json\/wp\/v2\/pages"}],"about":[{"href":"https:\/\/starportugal.pt\/fr\/wp-json\/wp\/v2\/types\/page"}],"author":[{"embeddable":true,"href":"https:\/\/starportugal.pt\/fr\/wp-json\/wp\/v2\/users\/1"}],"replies":[{"embeddable":true,"href":"https:\/\/starportugal.pt\/fr\/wp-json\/wp\/v2\/comments?post=2362"}],"version-history":[{"count":6,"href":"https:\/\/starportugal.pt\/fr\/wp-json\/wp\/v2\/pages\/2362\/revisions"}],"predecessor-version":[{"id":2869,"href":"https:\/\/starportugal.pt\/fr\/wp-json\/wp\/v2\/pages\/2362\/revisions\/2869"}],"up":[{"embeddable":true,"href":"https:\/\/starportugal.pt\/fr\/wp-json\/wp\/v2\/pages\/2261"}],"wp:attachment":[{"href":"https:\/\/starportugal.pt\/fr\/wp-json\/wp\/v2\/media?parent=2362"}],"curies":[{"name":"wp","href":"https:\/\/api.w.org\/{rel}","templated":true}]}}