{"id":2284,"date":"2017-12-06T00:43:18","date_gmt":"2017-12-06T00:43:18","guid":{"rendered":"https:\/\/starportugal.pt\/servicos\/revisao-de-texto\/"},"modified":"2025-10-22T10:06:41","modified_gmt":"2025-10-22T09:06:41","slug":"relecture-revision-de-texte","status":"publish","type":"page","link":"https:\/\/starportugal.pt\/fr\/services\/relecture-revision-de-texte\/","title":{"rendered":"R\u00e9vision de texte"},"content":{"rendered":"<\/div><\/div><\/div><!-- close content main div --><\/div><\/div><div id='av_section_1' class='avia-section main_color avia-section-default avia-no-shadow avia-bg-style-scroll   container_wrap sidebar_right'   ><div class='container' ><div class='template-page content  av-content-small alpha units'><div class='post-entry post-entry-type-page post-entry-2284'><div class='entry-content-wrapper clearfix'>\n<div class=\"flex_column av_one_fourth  flex_column_div av-zero-column-padding first  \" style='border-radius:0px; '><div class='avia-builder-widget-area clearfix '><div id=\"block-2\" class=\"widget clearfix widget_block\"><p><!-- 0d2bdac2931bda86cec3d8b0a16eb604 --><\/p>\n<\/div><div id=\"custom_html-2\" class=\"widget_text widget clearfix widget_custom_html\"><div class=\"textwidget custom-html-widget\"><!-- 684d18d306c5e515051f86a852796373 --><\/div><\/div><div id=\"nav_menu-2\" class=\"widget clearfix widget_nav_menu\"><div class=\"menu-menu-servicos-frances-container\"><ul id=\"menu-menu-servicos-frances\" class=\"menu\"><li id=\"menu-item-2723\" class=\"menu-item menu-item-type-post_type menu-item-object-page menu-item-2723\"><a href=\"https:\/\/starportugal.pt\/fr\/services\/traduction-technique\/\">Traduction technique<\/a><\/li>\n<li id=\"menu-item-2722\" class=\"menu-item menu-item-type-post_type menu-item-object-page menu-item-2722\"><a href=\"https:\/\/starportugal.pt\/fr\/services\/traduction-financiere\/\">Traduction financi\u00e8re<\/a><\/li>\n<li id=\"menu-item-4323\" class=\"menu-item menu-item-type-post_type menu-item-object-page menu-item-4323\"><a href=\"https:\/\/starportugal.pt\/fr\/services\/traducao-generalista\/\">Traduction g\u00e9n\u00e9rale<\/a><\/li>\n<li id=\"menu-item-2724\" class=\"menu-item menu-item-type-post_type menu-item-object-page menu-item-2724\"><a href=\"https:\/\/starportugal.pt\/fr\/services\/traduction-assermentee\/\">Traduction asserment\u00e9e<\/a><\/li>\n<li id=\"menu-item-2720\" class=\"menu-item menu-item-type-post_type menu-item-object-page menu-item-2720\"><a href=\"https:\/\/starportugal.pt\/fr\/services\/relecture-revision-de-texte\/\">R\u00e9vision de texte<\/a><\/li>\n<li id=\"menu-item-4322\" class=\"menu-item menu-item-type-post_type menu-item-object-page menu-item-4322\"><a href=\"https:\/\/starportugal.pt\/fr\/services\/lqa-language-quality-assurance\/\">AQL \u2013 Assurance Qualit\u00e9 Linguistique<\/a><\/li>\n<li id=\"menu-item-4324\" class=\"menu-item menu-item-type-post_type menu-item-object-page menu-item-4324\"><a href=\"https:\/\/starportugal.pt\/fr\/services\/sous-titrage\/\">Sous-titrage<\/a><\/li>\n<\/ul><\/div><\/div><\/div><\/div><div class=\"flex_column av_three_fourth  flex_column_div av-zero-column-padding   \" style='border-radius:0px; '><p><div class='avia-image-container  av-styling-no-styling    avia-align- '  itemscope=\"itemscope\" itemtype=\"https:\/\/schema.org\/ImageObject\"  ><div class='avia-image-container-inner'><img class='avia_image ' src='https:\/\/starportugal.pt\/wp-content\/uploads\/2018\/02\/revisaotextobanner.jpg' alt='' title='Revis\u00e3o de texto'   itemprop=\"thumbnailUrl\"  \/><\/div><\/div><br \/>\n<div style='padding-bottom:10px;' class='av-special-heading av-special-heading-h2  blockquote modern-quote  '><h2 class='av-special-heading-tag '  itemprop=\"headline\"  >R\u00e9vision de texte<\/h2><div class='special-heading-border'><div class='special-heading-inner-border' ><\/div><\/div><\/div><br \/>\n<section class=\"av_textblock_section \"  itemscope=\"itemscope\" itemtype=\"https:\/\/schema.org\/CreativeWork\" ><div class='avia_textblock  '   itemprop=\"text\" ><p>Le service de r\u00e9vision de textes de <b>STAR &#8211; <\/b><b>Servi\u00e7os<\/b> <b>Lingu\u00edsticos<\/b> garantit que votre contenu \u00e9crit communique clairement, correctement et efficacement, quelle que soit la langue ou le public cible.<\/p>\n<p>Nous travaillons avec des linguistes exp\u00e9riment\u00e9s qui r\u00e9visent les textes en profondeur, en corrigeant les erreurs de grammaire, d&rsquo;orthographe et de ponctuation, mais aussi en adaptant le style, la fluidit\u00e9, la coh\u00e9rence et la terminologie en fonction de l&rsquo;objectif et du contexte du document.<\/p>\n<p>Nous proposons diff\u00e9rents niveaux d&rsquo;intervention, de la simple r\u00e9vision linguistique \u00e0 l&rsquo;\u00e9dition plus compl\u00e8te, qui peut inclure des suggestions de reformulation, d&rsquo;adaptation culturelle et d&rsquo;am\u00e9lioration structurelle.<\/p>\n<\/div><\/section><br \/>\n<div style='height:20px' class='hr hr-invisible  '><span class='hr-inner ' ><span class='hr-inner-style'><\/span><\/span><\/div><br \/>\n<div class='avia-button-wrap avia-button-left '><a href='https:\/\/starportugal.pt\/fr\/demande-de-devis\/' class='avia-button   avia-icon_select-no avia-color-theme-color avia-size-large avia-position-left '   ><span class='avia_iconbox_title' >Demande de devis<\/span><\/a><\/div><\/p><\/div><\/div><\/div><\/div><!-- close content main div --><\/div><\/div><div id='after_section_1' class='main_color av_default_container_wrap container_wrap sidebar_right'   ><div class='container' ><div class='template-page content  av-content-small alpha units'><div class='post-entry post-entry-type-page post-entry-2284'><div class='entry-content-wrapper clearfix'>\n","protected":false},"excerpt":{"rendered":"","protected":false},"author":1,"featured_media":0,"parent":2261,"menu_order":50,"comment_status":"closed","ping_status":"closed","template":"","meta":{"footnotes":""},"class_list":["post-2284","page","type-page","status-publish","hentry"],"_links":{"self":[{"href":"https:\/\/starportugal.pt\/fr\/wp-json\/wp\/v2\/pages\/2284","targetHints":{"allow":["GET"]}}],"collection":[{"href":"https:\/\/starportugal.pt\/fr\/wp-json\/wp\/v2\/pages"}],"about":[{"href":"https:\/\/starportugal.pt\/fr\/wp-json\/wp\/v2\/types\/page"}],"author":[{"embeddable":true,"href":"https:\/\/starportugal.pt\/fr\/wp-json\/wp\/v2\/users\/1"}],"replies":[{"embeddable":true,"href":"https:\/\/starportugal.pt\/fr\/wp-json\/wp\/v2\/comments?post=2284"}],"version-history":[{"count":5,"href":"https:\/\/starportugal.pt\/fr\/wp-json\/wp\/v2\/pages\/2284\/revisions"}],"predecessor-version":[{"id":2297,"href":"https:\/\/starportugal.pt\/fr\/wp-json\/wp\/v2\/pages\/2284\/revisions\/2297"}],"up":[{"embeddable":true,"href":"https:\/\/starportugal.pt\/fr\/wp-json\/wp\/v2\/pages\/2261"}],"wp:attachment":[{"href":"https:\/\/starportugal.pt\/fr\/wp-json\/wp\/v2\/media?parent=2284"}],"curies":[{"name":"wp","href":"https:\/\/api.w.org\/{rel}","templated":true}]}}