{"id":2261,"date":"2017-12-06T00:42:20","date_gmt":"2017-12-06T00:42:20","guid":{"rendered":"https:\/\/starportugal.pt\/servicos\/"},"modified":"2019-07-30T16:46:58","modified_gmt":"2019-07-30T15:46:58","slug":"services","status":"publish","type":"page","link":"https:\/\/starportugal.pt\/fr\/services\/","title":{"rendered":"Services"},"content":{"rendered":"<\/div><\/div><\/div><!-- close content main div --><\/div><\/div><div id='av_section_1' class='avia-section main_color avia-section-default avia-no-shadow avia-bg-style-scroll   container_wrap sidebar_right'   ><div class='container' ><div class='template-page content  av-content-small alpha units'><div class='post-entry post-entry-type-page post-entry-2261'><div class='entry-content-wrapper clearfix'>\n<div class=\"flex_column av_one_fourth  flex_column_div av-zero-column-padding first  \" style='border-radius:0px; '><div class='avia-builder-widget-area clearfix '><div id=\"block-2\" class=\"widget clearfix widget_block\"><p><!-- 0d2bdac2931bda86cec3d8b0a16eb604 --><\/p>\n<\/div><div id=\"custom_html-2\" class=\"widget_text widget clearfix widget_custom_html\"><div class=\"textwidget custom-html-widget\"><!-- 684d18d306c5e515051f86a852796373 --><\/div><\/div><div id=\"nav_menu-2\" class=\"widget clearfix widget_nav_menu\"><div class=\"menu-menu-servicos-frances-container\"><ul id=\"menu-menu-servicos-frances\" class=\"menu\"><li id=\"menu-item-2723\" class=\"menu-item menu-item-type-post_type menu-item-object-page menu-item-2723\"><a href=\"https:\/\/starportugal.pt\/fr\/services\/traduction-technique\/\">Traduction technique<\/a><\/li>\n<li id=\"menu-item-2722\" class=\"menu-item menu-item-type-post_type menu-item-object-page menu-item-2722\"><a href=\"https:\/\/starportugal.pt\/fr\/services\/traduction-financiere\/\">Traduction financi\u00e8re<\/a><\/li>\n<li id=\"menu-item-4323\" class=\"menu-item menu-item-type-post_type menu-item-object-page menu-item-4323\"><a href=\"https:\/\/starportugal.pt\/fr\/services\/traducao-generalista\/\">Traduction g\u00e9n\u00e9rale<\/a><\/li>\n<li id=\"menu-item-2724\" class=\"menu-item menu-item-type-post_type menu-item-object-page menu-item-2724\"><a href=\"https:\/\/starportugal.pt\/fr\/services\/traduction-assermentee\/\">Traduction asserment\u00e9e<\/a><\/li>\n<li id=\"menu-item-2720\" class=\"menu-item menu-item-type-post_type menu-item-object-page menu-item-2720\"><a href=\"https:\/\/starportugal.pt\/fr\/services\/relecture-revision-de-texte\/\">R\u00e9vision de texte<\/a><\/li>\n<li id=\"menu-item-4322\" class=\"menu-item menu-item-type-post_type menu-item-object-page menu-item-4322\"><a href=\"https:\/\/starportugal.pt\/fr\/services\/lqa-language-quality-assurance\/\">AQL \u2013 Assurance Qualit\u00e9 Linguistique<\/a><\/li>\n<li id=\"menu-item-4324\" class=\"menu-item menu-item-type-post_type menu-item-object-page menu-item-4324\"><a href=\"https:\/\/starportugal.pt\/fr\/services\/sous-titrage\/\">Sous-titrage<\/a><\/li>\n<\/ul><\/div><\/div><\/div><\/div><div class=\"flex_column av_three_fourth  flex_column_div av-zero-column-padding   \" style='border-radius:0px; '><p><div style='padding-bottom:10px;' class='av-special-heading av-special-heading-h2  blockquote modern-quote   '><h2 class='av-special-heading-tag '  itemprop=\"headline\"  >Services<\/h2><div class='special-heading-border'><div class='special-heading-inner-border' ><\/div><\/div><\/div><br \/>\n<section class=\"av_textblock_section \"  itemscope=\"itemscope\" itemtype=\"https:\/\/schema.org\/CreativeWork\" ><div class='avia_textblock  '   itemprop=\"text\" ><p>Forte de plusieurs ann\u00e9es d&rsquo;exp\u00e9rience et d&rsquo;une \u00e9troite collaboration avec des entreprises de secteurs aussi divers que l&rsquo;ing\u00e9nierie m\u00e9canique (technologie automobile &#8211; v\u00e9hicules l\u00e9gers et lourds, machines agricoles, etc.), l&rsquo;horlogerie, la pharmacie et l&rsquo;informatique (mat\u00e9riel et logiciels), le marketing, les cosm\u00e9tiques et bien d&rsquo;autres, STAR-Servi\u00e7os Lingu\u00edsticos, Lda. a su enrichir et consolider son portefeuille client\u00e8le.<\/p>\n<p><strong>Notre philosophie repose sur des piliers qui nous sont fondamentaux :<\/strong><br \/>\n&#8211; une qualit\u00e9 irr\u00e9prochable<br \/>\n&#8211; une confidentialit\u00e9 absolue<br \/>\n&#8211; un respect strict des d\u00e9lais<\/p>\n<p>Dans l&rsquo;accomplissement de notre travail, nous utilisons les moyens technologiques les plus avanc\u00e9s (les outils dits <em>TAO<\/em>), les outils de gestion de la terminologie et des m\u00e9moires de traduction, qui assurent un soutien solide et d\u00e9cisif aux ressources les plus importantes de l&rsquo;entreprise : nos collaborateurs.<\/p>\n<\/div><\/section><br \/>\n<div class='avia-image-container  av-styling-    avia-align-center '  itemscope=\"itemscope\" itemtype=\"https:\/\/schema.org\/ImageObject\"  ><div class='avia-image-container-inner'><img class='avia_image ' src='https:\/\/starportugal.pt\/wp-content\/uploads\/2019\/07\/Captura-de-ecra\u0303-2019-07-30-a\u0300s-16.46.21.png' alt='' title='Captura de ecra\u0303 2019-07-30, a\u0300s 16.46.21'   itemprop=\"thumbnailUrl\"  \/><\/div><\/div><br \/>\n<form action=\"https:\/\/starportugal.pt\/fr\/services\/\" method=\"post\"  class=\"avia_ajax_form av-form-labels-visible    \" data-avia-form-id=\"1\" data-avia-redirect=''><fieldset><h3>Demande d\u2019informations :<\/h3><p class=' first_form  form_element form_element_half' id='element_avia_1_1'><label for=\"avia_1_1\">Nom <abbr class=\"required\" title=\"requis\">*<\/abbr><\/label> <input name=\"avia_1_1\" class=\"text_input is_empty\" type=\"text\" id=\"avia_1_1\" value=\"\" \/><\/p><p class=' form_element form_element_half' id='element_avia_2_1'><label for=\"avia_2_1\">E-mail <abbr class=\"required\" title=\"requis\">*<\/abbr><\/label> <input name=\"avia_2_1\" class=\"text_input is_email\" type=\"text\" id=\"avia_2_1\" value=\"\" \/><\/p><p class=' first_form  form_element form_element_half' id='element_avia_3_1'><label for=\"avia_3_1\">Contact <abbr class=\"required\" title=\"requis\">*<\/abbr><\/label> <input name=\"avia_3_1\" class=\"text_input is_phone\" type=\"text\" id=\"avia_3_1\" value=\"\" \/><\/p><p class=' form_element form_element_half' id='element_avia_4_1'><label for=\"avia_4_1\">Types de services <abbr class=\"required\" title=\"requis\">*<\/abbr><\/label> <select  name=\"avia_4_1\" class=\"select is_empty\" id=\"avia_4_1\"><option  value ='CLM'>CLM<\/option><option  value ='MindReader'>MindReader<\/option><option  value ='Termstar'>Termstar<\/option><option  value ='Transit'>Transit<\/option><option  value ='WebCheck'>WebCheck<\/option><option  value ='Webterm'>Webterm<\/option><\/select><\/p><p class=' first_form  form_element form_fullwidth av-last-visible-form-element' id='element_avia_5_1'>\t <label for=\"avia_5_1\" class=\"textare_label hidden textare_label_avia_5_1\">Message <abbr class=\"required\" title=\"requis\">*<\/abbr><\/label>\t <textarea  name=\"avia_5_1\" class=\"text_area is_empty\" cols=\"40\" rows=\"7\" id=\"avia_5_1\" ><\/textarea><\/p><p class=\"hidden\"><input type=\"text\" name=\"avia_6_1\" class=\"hidden \" id=\"avia_6_1\" value=\"\" \/><\/p><p class=\"form_element \"><input type=\"hidden\" value=\"1\" name=\"avia_generated_form1\" \/><input type=\"submit\" value=\"Envoyer\" class=\"button\"  data-sending-label=\"Envoi\"\/><\/p><\/fieldset><\/form><div id=\"ajaxresponse_1\" class=\"ajaxresponse ajaxresponse_1 hidden\"><\/div><br \/>\n<section class=\"av_textblock_section \"  itemscope=\"itemscope\" itemtype=\"https:\/\/schema.org\/CreativeWork\" ><div class='avia_textblock  '   itemprop=\"text\" ><p><span style=\"color: #b40e3d;\">*<\/span> Renseignements requis<\/p>\n<\/div><\/section><\/p><\/div><\/div><\/div><\/div><!-- close content main div --><\/div><\/div><div id='after_section_1' class='main_color av_default_container_wrap container_wrap sidebar_right'   ><div class='container' ><div class='template-page content  av-content-small alpha units'><div class='post-entry post-entry-type-page post-entry-2261'><div class='entry-content-wrapper clearfix'>\n","protected":false},"excerpt":{"rendered":"","protected":false},"author":1,"featured_media":0,"parent":0,"menu_order":44,"comment_status":"closed","ping_status":"closed","template":"","meta":{"footnotes":""},"class_list":["post-2261","page","type-page","status-publish","hentry"],"_links":{"self":[{"href":"https:\/\/starportugal.pt\/fr\/wp-json\/wp\/v2\/pages\/2261","targetHints":{"allow":["GET"]}}],"collection":[{"href":"https:\/\/starportugal.pt\/fr\/wp-json\/wp\/v2\/pages"}],"about":[{"href":"https:\/\/starportugal.pt\/fr\/wp-json\/wp\/v2\/types\/page"}],"author":[{"embeddable":true,"href":"https:\/\/starportugal.pt\/fr\/wp-json\/wp\/v2\/users\/1"}],"replies":[{"embeddable":true,"href":"https:\/\/starportugal.pt\/fr\/wp-json\/wp\/v2\/comments?post=2261"}],"version-history":[{"count":8,"href":"https:\/\/starportugal.pt\/fr\/wp-json\/wp\/v2\/pages\/2261\/revisions"}],"predecessor-version":[{"id":3354,"href":"https:\/\/starportugal.pt\/fr\/wp-json\/wp\/v2\/pages\/2261\/revisions\/3354"}],"wp:attachment":[{"href":"https:\/\/starportugal.pt\/fr\/wp-json\/wp\/v2\/media?parent=2261"}],"curies":[{"name":"wp","href":"https:\/\/api.w.org\/{rel}","templated":true}]}}