{"id":4142,"date":"2025-10-15T11:05:08","date_gmt":"2025-10-15T10:05:08","guid":{"rendered":"https:\/\/starportugal.pt\/?page_id=4142"},"modified":"2025-10-15T11:21:16","modified_gmt":"2025-10-15T10:21:16","slug":"traducao-generalista","status":"publish","type":"page","link":"https:\/\/starportugal.pt\/es\/servicos\/traducao-generalista\/","title":{"rendered":"Traducci\u00f3n generalista"},"content":{"rendered":"<\/div><\/div><\/div><!-- close content main div --><\/div><\/div><div id='av_section_1' class='avia-section main_color avia-section-default avia-no-shadow avia-bg-style-scroll   container_wrap sidebar_right'   ><div class='container' ><div class='template-page content  av-content-small alpha units'><div class='post-entry post-entry-type-page post-entry-4142'><div class='entry-content-wrapper clearfix'>\n<div class=\"flex_column av_one_fourth  flex_column_div av-zero-column-padding first  \" style='border-radius:0px; '><div class='avia-builder-widget-area clearfix '><div id=\"block-2\" class=\"widget clearfix widget_block\"><p><!-- 0d2bdac2931bda86cec3d8b0a16eb604 --><\/p>\n<\/div><div id=\"custom_html-2\" class=\"widget_text widget clearfix widget_custom_html\"><div class=\"textwidget custom-html-widget\"><!-- 684d18d306c5e515051f86a852796373 --><\/div><\/div><div id=\"nav_menu-2\" class=\"widget clearfix widget_nav_menu\"><div class=\"menu-menu-servicos-espanhol-container\"><ul id=\"menu-menu-servicos-espanhol\" class=\"menu\"><li id=\"menu-item-2728\" class=\"menu-item menu-item-type-post_type menu-item-object-page menu-item-2728\"><a href=\"https:\/\/starportugal.pt\/es\/servicos\/traduccion-tecnica\/\">Traducci\u00f3n t\u00e9cnica<\/a><\/li>\n<li id=\"menu-item-2727\" class=\"menu-item menu-item-type-post_type menu-item-object-page menu-item-2727\"><a href=\"https:\/\/starportugal.pt\/es\/servicos\/traduccion-financeira\/\">Traducci\u00f3n financiera<\/a><\/li>\n<li id=\"menu-item-4153\" class=\"menu-item menu-item-type-post_type menu-item-object-page menu-item-4153\"><a href=\"https:\/\/starportugal.pt\/es\/servicos\/traducao-generalista\/\">Traducci\u00f3n generalista<\/a><\/li>\n<li id=\"menu-item-2729\" class=\"menu-item menu-item-type-post_type menu-item-object-page menu-item-2729\"><a href=\"https:\/\/starportugal.pt\/es\/servicos\/traducao-certificada\/\">Traducci\u00f3n certificada<\/a><\/li>\n<li id=\"menu-item-2725\" class=\"menu-item menu-item-type-post_type menu-item-object-page menu-item-2725\"><a href=\"https:\/\/starportugal.pt\/es\/servicos\/revision-de-texto\/\">Revis\u00edon de texto<\/a><\/li>\n<li id=\"menu-item-4152\" class=\"menu-item menu-item-type-post_type menu-item-object-page menu-item-4152\"><a href=\"https:\/\/starportugal.pt\/es\/servicos\/lqa-language-quality-assurance\/\">LQA \u2013 Language Quality Assurance<\/a><\/li>\n<li id=\"menu-item-4154\" class=\"menu-item menu-item-type-post_type menu-item-object-page menu-item-4154\"><a href=\"https:\/\/starportugal.pt\/es\/servicos\/subtitulado\/\">Subtitulado<\/a><\/li>\n<\/ul><\/div><\/div><\/div><\/div><div class=\"flex_column av_three_fourth  flex_column_div av-zero-column-padding   \" style='border-radius:0px; '><p><div class='avia-image-container  av-styling-no-styling    avia-align- '  itemscope=\"itemscope\" itemtype=\"https:\/\/schema.org\/ImageObject\"  ><div class='avia-image-container-inner'><img class='avia_image ' src='https:\/\/starportugal.pt\/wp-content\/uploads\/2025\/10\/word-cloud-8337511_1280.jpg' alt='' title='word-cloud-8337511_1280'   itemprop=\"thumbnailUrl\"  \/><\/div><\/div><br \/>\n<div style='padding-bottom:10px;' class='av-special-heading av-special-heading-h2  blockquote modern-quote   '><h2 class='av-special-heading-tag '  itemprop=\"headline\"  >Traducci\u00f3n generalista<\/h2><div class='special-heading-border'><div class='special-heading-inner-border' ><\/div><\/div><\/div><br \/>\n<section class=\"av_textblock_section \"  itemscope=\"itemscope\" itemtype=\"https:\/\/schema.org\/CreativeWork\" ><div class='avia_textblock  '   itemprop=\"text\" ><p><strong>STAR \u2013 Servi\u00e7os Lingu\u00edsticos<\/strong> ofrece un servicio de traducci\u00f3n generalista, dise\u00f1ado para responder a las necesidades de la comunicaci\u00f3n cotidiana de empresas, instituciones y clientes particulares. Este servicio abarca una amplia variedad de contenidos que, aunque no son t\u00e9cnicos, exigen precisi\u00f3n, fluidez y adecuaci\u00f3n al p\u00fablico objetivo, sin recurrir a terminolog\u00edas altamente especializadas.<\/p>\n<p>Trabajamos con traductores nativos y experimentados, que garantizan la claridad, la naturalidad y el tono adecuado de cada mensaje, ya sea para uso interno, comunicaci\u00f3n con clientes o publicaci\u00f3n en canales digitales.<\/p>\n<p>Incluso en documentos considerados sencillos, aplicamos un riguroso proceso de control de calidad. Todas las traducciones son revisadas por un segundo profesional y se someten a controles ortogr\u00e1ficos, de coherencia, formato y estilo, lo que garantiza un resultado final con el nivel de excelencia que nos caracteriza.<\/p>\n<p>Combinamos la competencia humana con el uso de herramientas de apoyo a la traducci\u00f3n (herramientas CAT), glosarios personalizados y memorias de traducci\u00f3n, optimizando la coherencia y reduciendo los plazos de entrega, lo que resulta especialmente \u00fatil en proyectos con grandes vol\u00famenes o entregas recurrentes.<\/p>\n<p>Con STAR \u2013 Servi\u00e7os Lingu\u00edsticos, encontrar\u00e1 un socio ling\u00fc\u00edstico de confianza, preparado para garantizar que su comunicaci\u00f3n generalista, ya sea institucional, comercial o personal, hable el idioma de su p\u00fablico con claridad y profesionalidad.<\/p>\n<\/div><\/section><br \/>\n<div style='height:20px' class='hr hr-invisible  '><span class='hr-inner ' ><span class='hr-inner-style'><\/span><\/span><\/div><br \/>\n<div class='avia-button-wrap avia-button-left '><a href='https:\/\/starportugal.pt\/es\/solicitud-de-presupuesto\/' class='avia-button   avia-icon_select-no avia-color-theme-color avia-size-large avia-position-left '   ><span class='avia_iconbox_title' >Solicitud de presupuesto<\/span><\/a><\/div><\/p><\/div><\/div><\/div><\/div><!-- close content main div --><\/div><\/div><div id='after_section_1' class='main_color av_default_container_wrap container_wrap sidebar_right'   ><div class='container' ><div class='template-page content  av-content-small alpha units'><div class='post-entry post-entry-type-page post-entry-4142'><div class='entry-content-wrapper clearfix'>\n","protected":false},"excerpt":{"rendered":"","protected":false},"author":1,"featured_media":0,"parent":2264,"menu_order":73,"comment_status":"closed","ping_status":"closed","template":"","meta":{"footnotes":""},"class_list":["post-4142","page","type-page","status-publish","hentry"],"_links":{"self":[{"href":"https:\/\/starportugal.pt\/es\/wp-json\/wp\/v2\/pages\/4142","targetHints":{"allow":["GET"]}}],"collection":[{"href":"https:\/\/starportugal.pt\/es\/wp-json\/wp\/v2\/pages"}],"about":[{"href":"https:\/\/starportugal.pt\/es\/wp-json\/wp\/v2\/types\/page"}],"author":[{"embeddable":true,"href":"https:\/\/starportugal.pt\/es\/wp-json\/wp\/v2\/users\/1"}],"replies":[{"embeddable":true,"href":"https:\/\/starportugal.pt\/es\/wp-json\/wp\/v2\/comments?post=4142"}],"version-history":[{"count":5,"href":"https:\/\/starportugal.pt\/es\/wp-json\/wp\/v2\/pages\/4142\/revisions"}],"predecessor-version":[{"id":4148,"href":"https:\/\/starportugal.pt\/es\/wp-json\/wp\/v2\/pages\/4142\/revisions\/4148"}],"up":[{"embeddable":true,"href":"https:\/\/starportugal.pt\/es\/wp-json\/wp\/v2\/pages\/2264"}],"wp:attachment":[{"href":"https:\/\/starportugal.pt\/es\/wp-json\/wp\/v2\/media?parent=4142"}],"curies":[{"name":"wp","href":"https:\/\/api.w.org\/{rel}","templated":true}]}}