{"id":3788,"date":"2025-05-07T09:49:02","date_gmt":"2025-05-07T08:49:02","guid":{"rendered":"https:\/\/starportugal.pt\/politica-de-cookies\/"},"modified":"2025-06-05T09:44:32","modified_gmt":"2025-06-05T08:44:32","slug":"politica-de-cookies","status":"publish","type":"page","link":"https:\/\/starportugal.pt\/es\/politica-de-cookies\/","title":{"rendered":"Pol\u00edtica de Cookies"},"content":{"rendered":"<section class=\"av_textblock_section \"  itemscope=\"itemscope\" itemtype=\"https:\/\/schema.org\/CreativeWork\" ><div class='avia_textblock  av_inherit_color '   itemprop=\"text\" ><p>Esta Pol\u00edtica de Cookies se actualiz\u00f3 por \u00faltima vez en junio de 2025 y se aplica al sitio web <a href=\"mailto:info@starportugal.pt\">www.starportugal.pt<\/a>, en adelante denominado \u00abel sitio web\u00bb, que utiliza cookies y otras tecnolog\u00edas relacionadas (para mayor comodidad, todas las tecnolog\u00edas se denominan \u00abcookies\u00bb), insertadas por terceros con los que hemos contratado.<\/p>\n<p>A continuaci\u00f3n, le informamos sobre el uso de cookies en nuestro sitio web.<\/p>\n<p><strong>Informaci\u00f3n sobre los conceptos que abarca la Pol\u00edtica de Cookies<\/strong><\/p>\n<p>Cookies: son archivos peque\u00f1os y sencillos que se env\u00edan junto con las p\u00e1ginas de este sitio web y que su navegador almacena en el disco duro de su ordenador u otro dispositivo. La informaci\u00f3n almacenada puede ser enviada de vuelta a nuestros servidores o a los servidores de terceros correspondientes durante una visita posterior.<\/p>\n<p>Scripts: son fragmentos de c\u00f3digo de programa que se utilizan para que nuestro sitio web funcione correctamente y de forma interactiva. Este c\u00f3digo se ejecuta en nuestro servidor o en su dispositivo.<\/p>\n<p>Baliza web (etiqueta de p\u00edxel): un texto o imagen peque\u00f1o e invisible en un sitio web que se utiliza para monitorizar el tr\u00e1fico del mismo. Para ello, se almacenan diversos datos sobre usted mediante balizas web.<\/p>\n<p><strong>Tipos de cookies<\/strong><\/p>\n<p>Cookies necesarias (t\u00e9cnicas o funcionales): Garantizan el correcto funcionamiento de ciertas partes del sitio web y el mantenimiento de sus preferencias de usuario. Al instalar cookies funcionales, le facilitamos la visita a nuestro sitio web. De esta forma, no tendr\u00e1 que introducir repetidamente la misma informaci\u00f3n al visitarlo. Podemos instalar estas cookies sin su consentimiento.<\/p>\n<p>Cookies anal\u00edticas: Se utilizan para optimizar la experiencia del sitio web obteniendo informaci\u00f3n sobre su uso. Solicitamos su consentimiento para instalar este tipo de cookie.<\/p>\n<p>Cookies de preferencias y marketing: Son cookies o cualquier otra forma de almacenamiento local que se utiliza para crear perfiles de usuario con el fin de mostrar publicidad o para rastrear al usuario en este sitio web o en varios sitios web con fines de marketing similares. Solicitamos su consentimiento para instalar este tipo de cookie.<\/p>\n<p><strong>Redes sociales<\/strong><\/p>\n<p>Podemos incluir contenido de Facebook, Instagram y\/o WhatsApp en el sitio web para promocionar p\u00e1ginas web (p. ej., \u00abme gusta\u00bb, \u00abpin\u00bb) o compartir (p. ej., \u00abtuitear\u00bb) en redes sociales como Facebook, Instagram y WhatsApp. Este contenido incorpora c\u00f3digo derivado de Facebook, Instagram y WhatsApp e instala cookies. Este contenido puede almacenar y procesar cierta informaci\u00f3n para publicidad personalizada.<\/p>\n<p>Lea la pol\u00edtica de privacidad de estas redes sociales (que puede cambiar peri\u00f3dicamente) para saber qu\u00e9 hacen con sus datos (personales) que procesan mediante estas cookies. Los datos obtenidos se anonimizan al m\u00e1ximo. Facebook, Instagram y WhatsApp se encuentran en Estados Unidos.<\/p>\n<p><strong>Consentimiento<\/strong><\/p>\n<p>Cuando visite nuestro sitio web por primera vez, le mostraremos una ventana para que acepte el tipo de cookies que utilizamos. Al hacer clic en \u00abGuardar preferencias\u00bb, nos autoriza a utilizar las categor\u00edas de cookies y plugins seleccionados en la ventana, tal como se describe en esta Pol\u00edtica de Cookies. Puede desactivar el uso de cookies a trav\u00e9s de su navegador, pero tenga en cuenta que es posible que nuestro sitio web no funcione correctamente.<\/p>\n<p><strong>Pol\u00edtica de privacidad y protecci\u00f3n de datos personales<\/strong><br \/>\nConsulte nuestra <a href=\"https:\/\/starportugal.pt\/es\/politica-de-privacidad\/\" target=\"_blank\" rel=\"noopener\">pol\u00edtica de privacidad<\/a> en el sitio web<\/p>\n<p><strong>Informaci\u00f3n de contacto<\/strong><\/p>\n<p>Si tiene alguna pregunta o comentario sobre nuestra Pol\u00edtica de cookies y esta declaraci\u00f3n, p\u00f3ngase en contacto con nosotros a trav\u00e9s de los siguientes datos de contacto:<\/p>\n<p>Nombre de la empresa: Star \u2013 Servi\u00e7os Lingu\u00edsticos, Lda<\/p>\n<p>N.\u00ba de identificaci\u00f3n fiscal: 507526902<\/p>\n<p>Direcci\u00f3n: Rua Andr\u00e9 de Gouveia, n.\u00ba 27, 1.\u00ba Esq.<\/p>\n<p>CEP: 1750-027 Lisboa<\/p>\n<p>Correo electr\u00f3nico: info@starportugal.pt<\/p>\n<\/div><\/section>\n","protected":false},"excerpt":{"rendered":"","protected":false},"author":1,"featured_media":0,"parent":0,"menu_order":22,"comment_status":"closed","ping_status":"closed","template":"","meta":{"footnotes":""},"class_list":["post-3788","page","type-page","status-publish","hentry"],"_links":{"self":[{"href":"https:\/\/starportugal.pt\/es\/wp-json\/wp\/v2\/pages\/3788","targetHints":{"allow":["GET"]}}],"collection":[{"href":"https:\/\/starportugal.pt\/es\/wp-json\/wp\/v2\/pages"}],"about":[{"href":"https:\/\/starportugal.pt\/es\/wp-json\/wp\/v2\/types\/page"}],"author":[{"embeddable":true,"href":"https:\/\/starportugal.pt\/es\/wp-json\/wp\/v2\/users\/1"}],"replies":[{"embeddable":true,"href":"https:\/\/starportugal.pt\/es\/wp-json\/wp\/v2\/comments?post=3788"}],"version-history":[{"count":3,"href":"https:\/\/starportugal.pt\/es\/wp-json\/wp\/v2\/pages\/3788\/revisions"}],"predecessor-version":[{"id":3812,"href":"https:\/\/starportugal.pt\/es\/wp-json\/wp\/v2\/pages\/3788\/revisions\/3812"}],"wp:attachment":[{"href":"https:\/\/starportugal.pt\/es\/wp-json\/wp\/v2\/media?parent=3788"}],"curies":[{"name":"wp","href":"https:\/\/api.w.org\/{rel}","templated":true}]}}