{"id":3578,"date":"2022-09-12T11:54:35","date_gmt":"2022-09-12T10:54:35","guid":{"rendered":"https:\/\/starportugal.pt\/?page_id=3578"},"modified":"2025-06-05T09:38:02","modified_gmt":"2025-06-05T08:38:02","slug":"politica-de-privacidad","status":"publish","type":"page","link":"https:\/\/starportugal.pt\/es\/politica-de-privacidad\/","title":{"rendered":"Pol\u00edtica de privacidad"},"content":{"rendered":"<section class=\"av_textblock_section \"  itemscope=\"itemscope\" itemtype=\"https:\/\/schema.org\/CreativeWork\" ><div class='avia_textblock  av_inherit_color '   itemprop=\"text\" ><p>El objetivo es informar a los usuarios del sitio web <a href=\"https:\/\/starportugal.pt\/es\/\">starportugal.pt<\/a> sobre las normas generales para el tratamiento de datos personales, que se recopilan y procesan en estricto cumplimiento de la legislaci\u00f3n vigente en materia de protecci\u00f3n de datos personales.<\/p>\n<p>Nos comprometemos a proteger y mantener la confidencialidad de los datos personales y hemos adoptado las medidas que consideramos adecuadas para garantizar su exactitud, integridad y confidencialidad, as\u00ed como todos los dem\u00e1s derechos que asisten a los interesados.<\/p>\n<p>Esta declaraci\u00f3n de privacidad se actualiz\u00f3 por \u00faltima vez en junio de 2025.<\/p>\n<p>En esta declaraci\u00f3n de privacidad, explicamos qu\u00e9 hacemos con los datos que obtenemos a trav\u00e9s de este sitio web. Le recomendamos que la lea atentamente.<\/p>\n<p><strong>Cumplimos con los requisitos de la legislaci\u00f3n en materia de privacidad:<\/strong><\/p>\n<ol>\n<li>Declaramos los fines para los que procesamos los datos personales. Lo hacemos a trav\u00e9s de esta declaraci\u00f3n de privacidad.<\/li>\n<li>Nuestro objetivo es limitar la recopilaci\u00f3n de datos personales \u00fanicamente a los necesarios para fines leg\u00edtimos.<\/li>\n<li>Solicitamos previamente su consentimiento expl\u00edcito para procesar sus datos personales en los casos que lo requieran.<\/li>\n<li>Adoptamos las medidas de seguridad adecuadas para proteger sus datos personales y tambi\u00e9n las exigimos a quienes los procesan en nuestro nombre.<\/li>\n<li>Respetamos su derecho a acceder, corregir o eliminar sus datos personales si lo solicita.<\/li>\n<\/ol>\n<p>Si tiene alguna pregunta o desea saber exactamente qu\u00e9 datos suyos tenemos en nuestro poder, p\u00f3ngase en contacto con nosotros a trav\u00e9s de la direcci\u00f3n de correo electr\u00f3nico que figura en el \u00faltimo punto de esta Pol\u00edtica de Privacidad.<\/p>\n<p><strong>Principios Generales<\/strong><\/p>\n<p>Nos comprometemos a garantizar que los datos personales:<\/p>\n<ol>\n<li>Se procesen de forma l\u00edcita, leal y transparente en relaci\u00f3n con los interesados, se recopilen para fines espec\u00edficos, expl\u00edcitos y leg\u00edtimos, y no se procesen posteriormente de manera incompatible con dichos fines;<\/li>\n<li>Se conserven de forma que permita la identificaci\u00f3n de los interesados \u200b\u200bdurante un tiempo limitado al necesario para los fines del tratamiento;<\/li>\n<li>Se procesen de forma que se garantice su seguridad, incluida la protecci\u00f3n contra el tratamiento no autorizado o il\u00edcito y contra su p\u00e9rdida, destrucci\u00f3n o da\u00f1os imprevistos, adoptando las medidas t\u00e9cnicas u organizativas adecuadas.<\/li>\n<\/ol>\n<p><strong>Finalidades de la Recopilaci\u00f3n de Datos Personales<\/strong><\/p>\n<p>Podemos recopilar o recibir informaci\u00f3n personal para diversos fines relacionados con nuestras operaciones comerciales, como el contacto por tel\u00e9fono, correo postal, correo electr\u00f3nico o formularios web.<\/p>\n<p>Utilizamos los siguientes datos: Nombre, Sitio web, Direcci\u00f3n, NIF, Correo electr\u00f3nico y Tel\u00e9fono.<\/p>\n<p>La base sobre la que podemos procesar estos datos es:<\/p>\n<ol>\n<li>Para cumplir con una obligaci\u00f3n legal o contractual, por ejemplo, al prestarle alguno de nuestros servicios;<\/li>\n<li>Para prestarle nuestros servicios de newsletter, \u00fanicamente cuando lo solicite (nombre y correo electr\u00f3nico);<\/li>\n<li>Al utilizar el formulario de contacto, los datos recopilados aqu\u00ed tienen como \u00fanica finalidad responder a la informaci\u00f3n solicitada por el Cliente, gestionar sus pedidos y controlar la calidad de los servicios prestados (nombre, correo electr\u00f3nico, n\u00famero de contacto);<\/li>\n<\/ol>\n<p><strong>Periodo de conservaci\u00f3n de los Datos Personales<\/strong><\/p>\n<p>Conservamos los Datos Personales \u00fanicamente durante el tiempo necesario para cumplir con los fines espec\u00edficos para los que fueron recopilados. Sin embargo, es posible que debamos conservar algunos Datos Personales durante un periodo m\u00e1s largo, teniendo en cuenta factores legales.<\/p>\n<p>Durante el Tratamiento de los Datos Personales, nos aseguramos de que se traten de acuerdo con esta Pol\u00edtica de Privacidad. En cuanto los Datos ya no sean necesarios, los eliminaremos de forma segura.<\/p>\n<p>En cuanto al consentimiento, la revocaci\u00f3n del mismo no invalida el tratamiento realizado hasta esa fecha con base en el consentimiento previamente otorgado.<\/p>\n<p><strong>Sus derechos<\/strong><br \/>\nTiene derecho a:<\/p>\n<ol>\n<li>Ser informado<\/li>\n<li>Acceder, rectificar, restringir y suprimir sus datos<\/li>\n<li>A la portabilidad de sus datos<\/li>\n<li>A oponerse a sus datos<\/li>\n<li>A presentar una reclamaci\u00f3n ante las autoridades competentes<\/li>\n<\/ol>\n<p><strong>Pr\u00e1cticas de divulgaci\u00f3n<\/strong><\/p>\n<p>A continuaci\u00f3n, encontrar\u00e1 informaci\u00f3n sobre nuestras pr\u00e1cticas de divulgaci\u00f3n:<\/p>\n<ol>\n<li>Divulgamos informaci\u00f3n personal si as\u00ed lo exige la ley o una orden judicial.<\/li>\n<li>Si nuestro sitio web u organizaci\u00f3n es adquirido, vendido o se ve involucrado en una fusi\u00f3n o adquisici\u00f3n, sus datos podr\u00edan ser divulgados a nuestros asesores y a posibles compradores, y se transmitir\u00e1n a los nuevos propietarios.<\/li>\n<li>Tenemos un Acuerdo de Procesamiento de Datos con Google, pero Google no puede utilizar los datos para ning\u00fan otro servicio de Google.<\/li>\n<li>Bloqueamos la inclusi\u00f3n de direcciones IP completas.<\/li>\n<\/ol>\n<p><strong>Seguridad<\/strong><\/p>\n<p>Nos comprometemos con la seguridad de sus datos personales. Tomamos las medidas de seguridad adecuadas para limitar el abuso y el acceso no autorizado a sus datos personales.<\/p>\n<p><strong>Sitios web de terceros<\/strong><\/p>\n<p>Esta declaraci\u00f3n de privacidad no se aplica a los sitios web de terceros enlazados desde nuestro sitio web. No podemos garantizar que estos terceros gestionen sus datos personales de forma fiable y segura. Le recomendamos que lea las declaraciones de privacidad de estos sitios web antes de usarlos.<\/p>\n<p><strong>Cambios a esta declaraci\u00f3n de privacidad<\/strong><\/p>\n<p>Nos reservamos el derecho a modificar esta declaraci\u00f3n de privacidad. Le recomendamos que la revise peri\u00f3dicamente para estar al tanto de cualquier cambio. Tambi\u00e9n le informaremos activamente siempre que sea posible.<\/p>\n<p><strong>Cookies<\/strong><\/p>\n<p>Nuestro sitio web utiliza cookies. Para obtener m\u00e1s informaci\u00f3n sobre las cookies, consulte nuestra <a href=\"https:\/\/starportugal.pt\/es\/politica-de-cookies\/\" target=\"_blank\" rel=\"noopener\">Pol\u00edtica de Cookies<\/a>.<\/p>\n<p><strong>Detalles de contacto<\/strong><\/p>\n<p>Raz\u00f3n social: Star \u2013 Servi\u00e7os Lingu\u00edsticos, Lda<\/p>\n<p>N\u00famero fiscal: 507526902<\/p>\n<p>Direcci\u00f3n: Rua Andr\u00e9 de Gouveia, N\u00ba 27, 1\u00ba Esq\u00ba<\/p>\n<p>CEP:1750-027 Lisboa<\/p>\n<p>Email: info@starportugal.pt<\/p>\n<\/div><\/section>\n","protected":false},"excerpt":{"rendered":"","protected":false},"author":1,"featured_media":0,"parent":0,"menu_order":16,"comment_status":"closed","ping_status":"closed","template":"","meta":{"footnotes":""},"class_list":["post-3578","page","type-page","status-publish","hentry"],"_links":{"self":[{"href":"https:\/\/starportugal.pt\/es\/wp-json\/wp\/v2\/pages\/3578","targetHints":{"allow":["GET"]}}],"collection":[{"href":"https:\/\/starportugal.pt\/es\/wp-json\/wp\/v2\/pages"}],"about":[{"href":"https:\/\/starportugal.pt\/es\/wp-json\/wp\/v2\/types\/page"}],"author":[{"embeddable":true,"href":"https:\/\/starportugal.pt\/es\/wp-json\/wp\/v2\/users\/1"}],"replies":[{"embeddable":true,"href":"https:\/\/starportugal.pt\/es\/wp-json\/wp\/v2\/comments?post=3578"}],"version-history":[{"count":5,"href":"https:\/\/starportugal.pt\/es\/wp-json\/wp\/v2\/pages\/3578\/revisions"}],"predecessor-version":[{"id":3804,"href":"https:\/\/starportugal.pt\/es\/wp-json\/wp\/v2\/pages\/3578\/revisions\/3804"}],"wp:attachment":[{"href":"https:\/\/starportugal.pt\/es\/wp-json\/wp\/v2\/media?parent=3578"}],"curies":[{"name":"wp","href":"https:\/\/api.w.org\/{rel}","templated":true}]}}