{"id":2568,"date":"2017-12-06T00:53:08","date_gmt":"2017-12-06T00:53:08","guid":{"rendered":"https:\/\/starportugal.pt\/contactos\/"},"modified":"2025-11-20T10:59:04","modified_gmt":"2025-11-20T10:59:04","slug":"contactos","status":"publish","type":"page","link":"https:\/\/starportugal.pt\/es\/contactos\/","title":{"rendered":"Contactos"},"content":{"rendered":"<div class=\"flex_column av_one_full  flex_column_div av-zero-column-padding first  \" style='border-radius:0px; '><section class=\"avia_codeblock_section  avia_code_block_0\"  itemscope=\"itemscope\" itemtype=\"https:\/\/schema.org\/CreativeWork\" ><div class='avia_codeblock '  itemprop=\"text\" > [avia_codeblock_placeholder uid=\"0\"] <\/div><\/section><br \/>\n<article class=\"iconbox iconbox_top main_color    \"  itemscope=\"itemscope\" itemtype=\"https:\/\/schema.org\/CreativeWork\" ><div class=\"iconbox_content\"><header class=\"entry-content-header\"><div class=\"iconbox_icon heading-color \" aria-hidden='true' data-av_icon='\ue842' data-av_iconfont='entypo-fontello'  ><\/div><h3 class='iconbox_content_title '  itemprop=\"headline\"  >OFICINA<\/h3><\/header><div class='iconbox_content_container  '  itemprop=\"text\"  ><p>Puede encontrar <strong>STAR-Servi\u00e7os Lingu\u00edsticos, Lda.<\/strong> en la parte este de la ciudad de Lisboa, a unos<br \/>\n3 km del conocido Parque das Na\u00e7\u00f5es, donde tuvo lugar la<br \/>\nExposici\u00f3n Internacional de Lisboa 1998.<\/p>\n<p><strong>Direcci\u00f3n:<\/strong><br \/>\nRua Cidade de Bolama, 14-E Escrit\u00f3rio 40.7 \u2013 Olivais Sul<br \/>\n1800-079 Lisboa<\/p>\n<p><strong>Si lo prefiere, puede contactar con nosotros a trav\u00e9s de los tel\u00e9fonos:<\/strong><br \/>\n<strong>+351 218 394 130<\/strong> \/ <strong>+351 227 531\u00a0911<\/strong><\/p>\n<p>(Llamada a la red fija nacional)<\/p>\n<\/div><\/div><footer class=\"entry-footer\"><\/footer><\/article><\/p><\/div>\n<div class=\"flex_column av_one_full  flex_column_div av-zero-column-padding first  \" style='border-radius:0px; '><p><div style='padding-bottom:10px;color:#b40e3d;font-size:32px;' class='av-special-heading av-special-heading-h3 custom-color-heading blockquote modern-quote   av-inherit-size '><h3 class='av-special-heading-tag '  itemprop=\"headline\"  >Solicitar informaci\u00f3n<\/h3><div class='special-heading-border'><div class='special-heading-inner-border' style='border-color:#b40e3d'><\/div><\/div><\/div><br \/>\n<section class=\"av_textblock_section \"  itemscope=\"itemscope\" itemtype=\"https:\/\/schema.org\/CreativeWork\" ><div class='avia_textblock  '  style='font-size:15px; '  itemprop=\"text\" ><p>Si quiere entrar en contacto con nosotros para cuestiones m\u00e1s espec\u00edficas, env\u00edenos un correo electr\u00f3nico a <a href=\"mailto:info@starportugal.pt\">info@starportugal.pt<\/a>\u00a0o rellene el siguiente formulario:<\/p>\n<\/div><\/section><br \/>\n<form action=\"https:\/\/starportugal.pt\/es\/contactos\/\" method=\"post\"  class=\"avia_ajax_form av-form-labels-visible    \" data-avia-form-id=\"1\" data-avia-redirect=''><fieldset><p class=' first_form  form_element form_element_half' id='element_avia_1_1'><label for=\"avia_1_1\">Nombre <abbr class=\"required\" title=\"required\">*<\/abbr><\/label> <input name=\"avia_1_1\" class=\"text_input is_empty\" type=\"text\" id=\"avia_1_1\" value=\"\" \/><\/p><p class=' form_element form_element_half' id='element_avia_2_1'><label for=\"avia_2_1\">Empresa<\/label> <input name=\"avia_2_1\" class=\"text_input \" type=\"text\" id=\"avia_2_1\" value=\"\" \/><\/p><p class=' first_form  form_element form_element_half' id='element_avia_3_1'><label for=\"avia_3_1\">Contacto telef\u00f3nico <abbr class=\"required\" title=\"required\">*<\/abbr><\/label> <input name=\"avia_3_1\" class=\"text_input is_phone\" type=\"text\" id=\"avia_3_1\" value=\"\" \/><\/p><p class=' form_element form_element_half' id='element_avia_4_1'><label for=\"avia_4_1\">Correo electr\u00f3nico <abbr class=\"required\" title=\"required\">*<\/abbr><\/label> <input name=\"avia_4_1\" class=\"text_input is_email\" type=\"text\" id=\"avia_4_1\" value=\"\" \/><\/p><p class=' first_form  form_element form_fullwidth' id='element_avia_5_1'><label for=\"avia_5_1\">Asunto <abbr class=\"required\" title=\"required\">*<\/abbr><\/label> <select  name=\"avia_5_1\" class=\"select is_empty\" id=\"avia_5_1\"><option  value ='Informaci\u00f3n sobre servicios'>Informaci\u00f3n sobre servicios<\/option><option  value ='Informaci\u00f3n de productos'>Informaci\u00f3n de productos<\/option><option  value ='Contacto general'>Contacto general<\/option><\/select><\/p><p class=' first_form  form_element form_fullwidth' id='element_avia_6_1'>\t <label for=\"avia_6_1\" class=\"textare_label hidden textare_label_avia_6_1\">Mensaje <abbr class=\"required\" title=\"required\">*<\/abbr><\/label>\t <textarea  name=\"avia_6_1\" class=\"text_area is_empty\" cols=\"40\" rows=\"7\" id=\"avia_6_1\" ><\/textarea><\/p><p class=' first_form  form_element form_fullwidth av-last-visible-form-element' id='element_avia_7_1'>    <input  name=\"avia_7_1\" class=\"input_checkbox is_empty\" type=\"checkbox\" id=\"avia_7_1\" value=\"true\"\/><label class=\"input_checkbox_label\" for=\"avia_7_1\">He le\u00eddo y acepto la <a href=\"https:\/\/starportugal.pt\/es\/politica-de-privacidad\/\" target=\"_blank\" rel=\"noopener\">pol\u00edtica de privacidad<\/a> <abbr class=\"required\" title=\"required\">*<\/abbr><\/label><\/p><p class=\"hidden\"><input type=\"text\" name=\"avia_8_1\" class=\"hidden \" id=\"avia_8_1\" value=\"\" \/><\/p><p class=\"form_element \"><input type=\"hidden\" value=\"1\" name=\"avia_generated_form1\" \/><input type=\"submit\" value=\"Enviar\" class=\"button\"  data-sending-label=\"Enviando\"\/><\/p><\/fieldset><\/form><div id=\"ajaxresponse_1\" class=\"ajaxresponse ajaxresponse_1 hidden\"><\/div><\/p><\/div>\n","protected":false},"excerpt":{"rendered":"","protected":false},"author":1,"featured_media":0,"parent":0,"menu_order":137,"comment_status":"closed","ping_status":"closed","template":"","meta":{"footnotes":""},"class_list":["post-2568","page","type-page","status-publish","hentry"],"_links":{"self":[{"href":"https:\/\/starportugal.pt\/es\/wp-json\/wp\/v2\/pages\/2568","targetHints":{"allow":["GET"]}}],"collection":[{"href":"https:\/\/starportugal.pt\/es\/wp-json\/wp\/v2\/pages"}],"about":[{"href":"https:\/\/starportugal.pt\/es\/wp-json\/wp\/v2\/types\/page"}],"author":[{"embeddable":true,"href":"https:\/\/starportugal.pt\/es\/wp-json\/wp\/v2\/users\/1"}],"replies":[{"embeddable":true,"href":"https:\/\/starportugal.pt\/es\/wp-json\/wp\/v2\/comments?post=2568"}],"version-history":[{"count":20,"href":"https:\/\/starportugal.pt\/es\/wp-json\/wp\/v2\/pages\/2568\/revisions"}],"predecessor-version":[{"id":4521,"href":"https:\/\/starportugal.pt\/es\/wp-json\/wp\/v2\/pages\/2568\/revisions\/4521"}],"wp:attachment":[{"href":"https:\/\/starportugal.pt\/es\/wp-json\/wp\/v2\/media?parent=2568"}],"curies":[{"name":"wp","href":"https:\/\/api.w.org\/{rel}","templated":true}]}}