{"id":2345,"date":"2017-12-06T00:46:24","date_gmt":"2017-12-06T00:46:24","guid":{"rendered":"https:\/\/starportugal.pt\/servicos\/traducao-tecnica\/"},"modified":"2025-10-15T10:48:20","modified_gmt":"2025-10-15T09:48:20","slug":"traduccion-tecnica","status":"publish","type":"page","link":"https:\/\/starportugal.pt\/es\/servicos\/traduccion-tecnica\/","title":{"rendered":"Traducci\u00f3n t\u00e9cnica"},"content":{"rendered":"<\/div><\/div><\/div><!-- close content main div --><\/div><\/div><div id='av_section_1' class='avia-section main_color avia-section-default avia-no-shadow avia-bg-style-scroll   container_wrap sidebar_right'   ><div class='container' ><div class='template-page content  av-content-small alpha units'><div class='post-entry post-entry-type-page post-entry-2345'><div class='entry-content-wrapper clearfix'>\n<div class=\"flex_column av_one_fourth  flex_column_div av-zero-column-padding first  \" style='border-radius:0px; '><div class='avia-builder-widget-area clearfix '><div id=\"block-2\" class=\"widget clearfix widget_block\"><p><!-- 0d2bdac2931bda86cec3d8b0a16eb604 --><\/p>\n<\/div><div id=\"custom_html-2\" class=\"widget_text widget clearfix widget_custom_html\"><div class=\"textwidget custom-html-widget\"><!-- 684d18d306c5e515051f86a852796373 --><\/div><\/div><div id=\"nav_menu-2\" class=\"widget clearfix widget_nav_menu\"><div class=\"menu-menu-servicos-espanhol-container\"><ul id=\"menu-menu-servicos-espanhol\" class=\"menu\"><li id=\"menu-item-2728\" class=\"menu-item menu-item-type-post_type menu-item-object-page menu-item-2728\"><a href=\"https:\/\/starportugal.pt\/es\/servicos\/traduccion-tecnica\/\">Traducci\u00f3n t\u00e9cnica<\/a><\/li>\n<li id=\"menu-item-2727\" class=\"menu-item menu-item-type-post_type menu-item-object-page menu-item-2727\"><a href=\"https:\/\/starportugal.pt\/es\/servicos\/traduccion-financeira\/\">Traducci\u00f3n financiera<\/a><\/li>\n<li id=\"menu-item-4153\" class=\"menu-item menu-item-type-post_type menu-item-object-page menu-item-4153\"><a href=\"https:\/\/starportugal.pt\/es\/servicos\/traducao-generalista\/\">Traducci\u00f3n generalista<\/a><\/li>\n<li id=\"menu-item-2729\" class=\"menu-item menu-item-type-post_type menu-item-object-page menu-item-2729\"><a href=\"https:\/\/starportugal.pt\/es\/servicos\/traducao-certificada\/\">Traducci\u00f3n certificada<\/a><\/li>\n<li id=\"menu-item-2725\" class=\"menu-item menu-item-type-post_type menu-item-object-page menu-item-2725\"><a href=\"https:\/\/starportugal.pt\/es\/servicos\/revision-de-texto\/\">Revis\u00edon de texto<\/a><\/li>\n<li id=\"menu-item-4152\" class=\"menu-item menu-item-type-post_type menu-item-object-page menu-item-4152\"><a href=\"https:\/\/starportugal.pt\/es\/servicos\/lqa-language-quality-assurance\/\">LQA \u2013 Language Quality Assurance<\/a><\/li>\n<li id=\"menu-item-4154\" class=\"menu-item menu-item-type-post_type menu-item-object-page menu-item-4154\"><a href=\"https:\/\/starportugal.pt\/es\/servicos\/subtitulado\/\">Subtitulado<\/a><\/li>\n<\/ul><\/div><\/div><\/div><\/div><div class=\"flex_column av_three_fourth  flex_column_div av-zero-column-padding   \" style='border-radius:0px; '><p><div class='avia-image-container  av-styling-no-styling    avia-align- '  itemscope=\"itemscope\" itemtype=\"https:\/\/schema.org\/ImageObject\"  ><div class='avia-image-container-inner'><img class='avia_image ' src='https:\/\/starportugal.pt\/wp-content\/uploads\/2017\/12\/STAR-redaccion-tecnica-experto-convenciones-1.jpg' alt='' title='Tradu\u00e7\u00e3o t\u00e9cnica'   itemprop=\"thumbnailUrl\"  \/><\/div><\/div><br \/>\n<div style='padding-bottom:10px;' class='av-special-heading av-special-heading-h2  blockquote modern-quote   '><h2 class='av-special-heading-tag '  itemprop=\"headline\"  >Traducci\u00f3n T\u00e9cnica<\/h2><div class='special-heading-border'><div class='special-heading-inner-border' ><\/div><\/div><\/div><br \/>\n<section class=\"av_textblock_section \"  itemscope=\"itemscope\" itemtype=\"https:\/\/schema.org\/CreativeWork\" ><div class='avia_textblock  '   itemprop=\"text\" ><p>En <strong>STAR \u2013 Servi\u00e7os Lingu\u00edsticos<\/strong>, nos destacamos por nuestra amplia experiencia en traducci\u00f3n t\u00e9cnica, ofreciendo soluciones precisas y fiables para los sectores m\u00e1s exigentes.<\/p>\n<p>Trabajamos con traductores especializados en \u00e1reas como ingenier\u00eda del autom\u00f3vil, maquinaria, art\u00edculos de lujo (incluida la relojer\u00eda), marketing y finanzas, entre otras.<\/p>\n<p>La traducci\u00f3n t\u00e9cnica exige no solo un dominio ling\u00fc\u00edstico, sino tambi\u00e9n un profundo conocimiento terminol\u00f3gico y una comprensi\u00f3n de los procesos y normas espec\u00edficos de cada industria. Por eso, garantizamos que todos los proyectos pasan por rigurosos procesos de revisi\u00f3n y control de calidad, asegurando la fidelidad, claridad y conformidad t\u00e9cnica del contenido traducido.<\/p>\n<p>Utilizamos herramientas avanzadas de apoyo a la traducci\u00f3n (herramientas CAT) y mantenemos glosarios y memorias de traducci\u00f3n actualizados, lo que nos permite garantizar la coherencia terminol\u00f3gica, la agilidad y la econom\u00eda para nuestros clientes. Por lo tanto, nos presentamos como socios estrat\u00e9gicos para empresas que buscan expandirse a nivel mundial.<\/p>\n<\/div><\/section><br \/>\n<div style='height:20px' class='hr hr-invisible  '><span class='hr-inner ' ><span class='hr-inner-style'><\/span><\/span><\/div><br \/>\n<div class='avia-button-wrap avia-button-left '><a href='https:\/\/starportugal.pt\/es\/solicitud-de-presupuesto\/' class='avia-button   avia-icon_select-no avia-color-theme-color avia-size-large avia-position-left '   ><span class='avia_iconbox_title' >Solicitud de presupuesto<\/span><\/a><\/div><\/p><\/div><\/div><\/div><\/div><!-- close content main div --><\/div><\/div><div id='after_section_1' class='main_color av_default_container_wrap container_wrap sidebar_right'   ><div class='container' ><div class='template-page content  av-content-small alpha units'><div class='post-entry post-entry-type-page post-entry-2345'><div class='entry-content-wrapper clearfix'>\n","protected":false},"excerpt":{"rendered":"","protected":false},"author":1,"featured_media":0,"parent":2264,"menu_order":79,"comment_status":"closed","ping_status":"closed","template":"","meta":{"footnotes":""},"class_list":["post-2345","page","type-page","status-publish","hentry"],"_links":{"self":[{"href":"https:\/\/starportugal.pt\/es\/wp-json\/wp\/v2\/pages\/2345","targetHints":{"allow":["GET"]}}],"collection":[{"href":"https:\/\/starportugal.pt\/es\/wp-json\/wp\/v2\/pages"}],"about":[{"href":"https:\/\/starportugal.pt\/es\/wp-json\/wp\/v2\/types\/page"}],"author":[{"embeddable":true,"href":"https:\/\/starportugal.pt\/es\/wp-json\/wp\/v2\/users\/1"}],"replies":[{"embeddable":true,"href":"https:\/\/starportugal.pt\/es\/wp-json\/wp\/v2\/comments?post=2345"}],"version-history":[{"count":7,"href":"https:\/\/starportugal.pt\/es\/wp-json\/wp\/v2\/pages\/2345\/revisions"}],"predecessor-version":[{"id":4123,"href":"https:\/\/starportugal.pt\/es\/wp-json\/wp\/v2\/pages\/2345\/revisions\/4123"}],"up":[{"embeddable":true,"href":"https:\/\/starportugal.pt\/es\/wp-json\/wp\/v2\/pages\/2264"}],"wp:attachment":[{"href":"https:\/\/starportugal.pt\/es\/wp-json\/wp\/v2\/media?parent=2345"}],"curies":[{"name":"wp","href":"https:\/\/api.w.org\/{rel}","templated":true}]}}