{"id":2264,"date":"2017-12-06T00:42:20","date_gmt":"2017-12-06T00:42:20","guid":{"rendered":"https:\/\/starportugal.pt\/servicos\/"},"modified":"2019-07-30T16:25:54","modified_gmt":"2019-07-30T15:25:54","slug":"servicos","status":"publish","type":"page","link":"https:\/\/starportugal.pt\/es\/servicos\/","title":{"rendered":"Servicios"},"content":{"rendered":"<\/div><\/div><\/div><!-- close content main div --><\/div><\/div><div id='av_section_1' class='avia-section main_color avia-section-default avia-no-shadow avia-bg-style-scroll   container_wrap sidebar_right'   ><div class='container' ><div class='template-page content  av-content-small alpha units'><div class='post-entry post-entry-type-page post-entry-2264'><div class='entry-content-wrapper clearfix'>\n<div class=\"flex_column av_one_fourth  flex_column_div av-zero-column-padding first  \" style='border-radius:0px; '><div class='avia-builder-widget-area clearfix '><div id=\"block-2\" class=\"widget clearfix widget_block\"><p><!-- 0d2bdac2931bda86cec3d8b0a16eb604 --><\/p>\n<\/div><div id=\"custom_html-2\" class=\"widget_text widget clearfix widget_custom_html\"><div class=\"textwidget custom-html-widget\"><!-- 684d18d306c5e515051f86a852796373 --><\/div><\/div><div id=\"nav_menu-2\" class=\"widget clearfix widget_nav_menu\"><div class=\"menu-menu-servicos-espanhol-container\"><ul id=\"menu-menu-servicos-espanhol\" class=\"menu\"><li id=\"menu-item-2728\" class=\"menu-item menu-item-type-post_type menu-item-object-page menu-item-2728\"><a href=\"https:\/\/starportugal.pt\/es\/servicos\/traduccion-tecnica\/\">Traducci\u00f3n t\u00e9cnica<\/a><\/li>\n<li id=\"menu-item-2727\" class=\"menu-item menu-item-type-post_type menu-item-object-page menu-item-2727\"><a href=\"https:\/\/starportugal.pt\/es\/servicos\/traduccion-financeira\/\">Traducci\u00f3n financiera<\/a><\/li>\n<li id=\"menu-item-4153\" class=\"menu-item menu-item-type-post_type menu-item-object-page menu-item-4153\"><a href=\"https:\/\/starportugal.pt\/es\/servicos\/traducao-generalista\/\">Traducci\u00f3n generalista<\/a><\/li>\n<li id=\"menu-item-2729\" class=\"menu-item menu-item-type-post_type menu-item-object-page menu-item-2729\"><a href=\"https:\/\/starportugal.pt\/es\/servicos\/traducao-certificada\/\">Traducci\u00f3n certificada<\/a><\/li>\n<li id=\"menu-item-2725\" class=\"menu-item menu-item-type-post_type menu-item-object-page menu-item-2725\"><a href=\"https:\/\/starportugal.pt\/es\/servicos\/revision-de-texto\/\">Revis\u00edon de texto<\/a><\/li>\n<li id=\"menu-item-4152\" class=\"menu-item menu-item-type-post_type menu-item-object-page menu-item-4152\"><a href=\"https:\/\/starportugal.pt\/es\/servicos\/lqa-language-quality-assurance\/\">LQA \u2013 Language Quality Assurance<\/a><\/li>\n<li id=\"menu-item-4154\" class=\"menu-item menu-item-type-post_type menu-item-object-page menu-item-4154\"><a href=\"https:\/\/starportugal.pt\/es\/servicos\/subtitulado\/\">Subtitulado<\/a><\/li>\n<\/ul><\/div><\/div><\/div><\/div><div class=\"flex_column av_three_fourth  flex_column_div av-zero-column-padding   \" style='border-radius:0px; '><p><div style='padding-bottom:10px;' class='av-special-heading av-special-heading-h2  blockquote modern-quote   '><h2 class='av-special-heading-tag '  itemprop=\"headline\"  >Servicios<\/h2><div class='special-heading-border'><div class='special-heading-inner-border' ><\/div><\/div><\/div><br \/>\n<section class=\"av_textblock_section \"  itemscope=\"itemscope\" itemtype=\"https:\/\/schema.org\/CreativeWork\" ><div class='avia_textblock  '   itemprop=\"text\" ><p>A lo largo de varios a\u00f1os de experiencia y de estrecha colaboraci\u00f3n con empresas de sectores tan diversos como la ingenier\u00eda mec\u00e1nica (tecnolog\u00eda autom\u00f3vil \u2013 veh\u00edculos ligeros y pesados, m\u00e1quinas agr\u00edcolas, etc.), la relojer\u00eda, la farmac\u00e9utica, la inform\u00e1tica (hardware y software) y el marketing, pasando por la cosm\u00e9tica y muchas m\u00e1s, STAR\u2013Servi\u00e7os Lingu\u00edsticos, Lda. ha ido enriqueciendo y consolidando su cartera de clientes.<\/p>\n<p><strong>Nuestra filosof\u00eda se basa en pilares fundamentales para nosotros:<\/strong><br \/>\n\u2013 Calidad impecable<br \/>\n\u2013 Absoluta confidencialidad<br \/>\n\u2013 Cumplimiento riguroso de los plazos<\/p>\n<p>En la realizaci\u00f3n de nuestro trabajo utilizamos los m\u00e1s avanzados medios tecnol\u00f3gicos (las llamadas herramientas CAT) para la gesti\u00f3n de terminolog\u00eda y de memorias de traducci\u00f3n que aseguran un s\u00f3lido y decisivo apoyo a los recursos m\u00e1s importantes de la empresa: nuestros colaboradores.<\/p>\n<\/div><\/section><br \/>\n<div class='avia-image-container  av-styling-    avia-align-center '  itemscope=\"itemscope\" itemtype=\"https:\/\/schema.org\/ImageObject\"  ><div class='avia-image-container-inner'><img class='avia_image ' src='https:\/\/starportugal.pt\/wp-content\/uploads\/2019\/07\/es.png' alt='' title='es'   itemprop=\"thumbnailUrl\"  \/><\/div><\/div><br \/>\n<form action=\"https:\/\/starportugal.pt\/es\/servicos\/\" method=\"post\"  class=\"avia_ajax_form av-form-labels-visible    \" data-avia-form-id=\"1\" data-avia-redirect=''><fieldset><h3>Solicitar informaci\u00f3n:<\/h3><p class=' first_form  form_element form_element_half' id='element_avia_1_1'><label for=\"avia_1_1\">Nombre <abbr class=\"required\" title=\"required\">*<\/abbr><\/label> <input name=\"avia_1_1\" class=\"text_input is_empty\" type=\"text\" id=\"avia_1_1\" value=\"\" \/><\/p><p class=' form_element form_element_half' id='element_avia_2_1'><label for=\"avia_2_1\">Correo electr\u00f3nico <abbr class=\"required\" title=\"required\">*<\/abbr><\/label> <input name=\"avia_2_1\" class=\"text_input is_email\" type=\"text\" id=\"avia_2_1\" value=\"\" \/><\/p><p class=' first_form  form_element form_element_half' id='element_avia_3_1'><label for=\"avia_3_1\">Contacto <abbr class=\"required\" title=\"required\">*<\/abbr><\/label> <input name=\"avia_3_1\" class=\"text_input is_phone\" type=\"text\" id=\"avia_3_1\" value=\"\" \/><\/p><p class=' form_element form_element_half' id='element_avia_4_1'><label for=\"avia_4_1\">Tipos de Servicios <abbr class=\"required\" title=\"required\">*<\/abbr><\/label> <select  name=\"avia_4_1\" class=\"select is_empty\" id=\"avia_4_1\"><option  value ='CLM'>CLM<\/option><option  value ='MindReader'>MindReader<\/option><option  value ='Termstar'>Termstar<\/option><option  value ='Transit'>Transit<\/option><option  value ='WebCheck'>WebCheck<\/option><option  value ='Webterm'>Webterm<\/option><\/select><\/p><p class=' first_form  form_element form_fullwidth av-last-visible-form-element' id='element_avia_5_1'>\t <label for=\"avia_5_1\" class=\"textare_label hidden textare_label_avia_5_1\">Mensaje <abbr class=\"required\" title=\"required\">*<\/abbr><\/label>\t <textarea  name=\"avia_5_1\" class=\"text_area is_empty\" cols=\"40\" rows=\"7\" id=\"avia_5_1\" ><\/textarea><\/p><p class=\"hidden\"><input type=\"text\" name=\"avia_6_1\" class=\"hidden \" id=\"avia_6_1\" value=\"\" \/><\/p><p class=\"form_element \"><input type=\"hidden\" value=\"1\" name=\"avia_generated_form1\" \/><input type=\"submit\" value=\"Enviar\" class=\"button\"  data-sending-label=\"Enviando\"\/><\/p><\/fieldset><\/form><div id=\"ajaxresponse_1\" class=\"ajaxresponse ajaxresponse_1 hidden\"><\/div><br \/>\n<section class=\"av_textblock_section \"  itemscope=\"itemscope\" itemtype=\"https:\/\/schema.org\/CreativeWork\" ><div class='avia_textblock  '   itemprop=\"text\" ><p><span style=\"color: #b40e3d;\">*<\/span> Rellenar obligatoriamente<\/p>\n<\/div><\/section><\/p><\/div><\/div><\/div><\/div><!-- close content main div --><\/div><\/div><div id='after_section_1' class='main_color av_default_container_wrap container_wrap sidebar_right'   ><div class='container' ><div class='template-page content  av-content-small alpha units'><div class='post-entry post-entry-type-page post-entry-2264'><div class='entry-content-wrapper clearfix'>\n","protected":false},"excerpt":{"rendered":"","protected":false},"author":1,"featured_media":0,"parent":0,"menu_order":45,"comment_status":"closed","ping_status":"closed","template":"","meta":{"footnotes":""},"class_list":["post-2264","page","type-page","status-publish","hentry"],"_links":{"self":[{"href":"https:\/\/starportugal.pt\/es\/wp-json\/wp\/v2\/pages\/2264","targetHints":{"allow":["GET"]}}],"collection":[{"href":"https:\/\/starportugal.pt\/es\/wp-json\/wp\/v2\/pages"}],"about":[{"href":"https:\/\/starportugal.pt\/es\/wp-json\/wp\/v2\/types\/page"}],"author":[{"embeddable":true,"href":"https:\/\/starportugal.pt\/es\/wp-json\/wp\/v2\/users\/1"}],"replies":[{"embeddable":true,"href":"https:\/\/starportugal.pt\/es\/wp-json\/wp\/v2\/comments?post=2264"}],"version-history":[{"count":7,"href":"https:\/\/starportugal.pt\/es\/wp-json\/wp\/v2\/pages\/2264\/revisions"}],"predecessor-version":[{"id":3328,"href":"https:\/\/starportugal.pt\/es\/wp-json\/wp\/v2\/pages\/2264\/revisions\/3328"}],"wp:attachment":[{"href":"https:\/\/starportugal.pt\/es\/wp-json\/wp\/v2\/media?parent=2264"}],"curies":[{"name":"wp","href":"https:\/\/api.w.org\/{rel}","templated":true}]}}